{"id":7576,"date":"2025-06-24T09:38:12","date_gmt":"2025-06-24T07:38:12","guid":{"rendered":"https:\/\/nagelibrestage.fr\/?page_id=7576"},"modified":"2025-06-25T09:55:53","modified_gmt":"2025-06-25T07:55:53","slug":"stage-de-perfectionnement-natation-nage-libre-stage","status":"publish","type":"page","link":"https:\/\/nagelibrestage.fr\/it\/stage-de-perfectionnement-natation-nage-libre-stage\/","title":{"rendered":"Corso di nuoto avanzato - NAGE LIBRE STAGE"},"content":{"rendered":"<section class=\"section\" id=\"section_1893019256\">\n\t\t<div class=\"bg section-bg fill bg-fill\" >\n\n\t\t\t\n\t\t\t\n\t\t\t\n\n\t\t<\/div>\n\n\t\t<div class=\"section-content relative\">\n\t\t\t\n\n<div class=\"row align-center\"  id=\"row-1320880225\">\n\n\n\t<div id=\"col-2146666523\" class=\"col medium-8 small-12 large-8\"  >\n\t\t<div class=\"col-inner text-center\"  >\n\t\t\t\n\t\t\t\n\n\n\t\t<\/div>\n\t\t\t<\/div>\n\n\t\n\n<\/div>\n\t<div id=\"gap-842662121\" class=\"gap-element clearfix\" style=\"display:block; height:auto;\">\n\t\t\n<style>\n#gap-842662121 {\n  padding-top: 100px;\n}\n<\/style>\n\t<\/div>\n\t\n\n\n\t\t<\/div>\n\n\t\t\n<style>\n#section_1893019256 {\n  padding-top: 120px;\n  padding-bottom: 120px;\n  background-color: rgb(255,255,255);\n}\n#section_1893019256 .section-bg.bg-loaded {\n  background-image: url(https:\/\/nagelibrestage.fr\/wp-content\/uploads\/2025\/06\/WhatsApp-Image-2025-06-24-a-10.09.48_2c11e2db.jpg);\n}\n#section_1893019256 .section-bg {\n  background-position: 32% 51%;\n}\n<\/style>\n\t<\/section>\n\t\n\t<section class=\"section\" id=\"section_1961475197\">\n\t\t<div class=\"bg section-bg fill bg-fill  bg-loaded\" >\n\n\t\t\t\n\t\t\t\n\t\t\t\n\n\t\t<\/div>\n\n\t\t<div class=\"section-content relative\">\n\t\t\t\n\n\t<div id=\"gap-560910515\" class=\"gap-element clearfix\" style=\"display:block; height:auto;\">\n\t\t\n<style>\n#gap-560910515 {\n  padding-top: 30px;\n}\n<\/style>\n\t<\/div>\n\t\n\n<div class=\"row align-middle\"  id=\"row-563816227\">\n\n\n\t<div id=\"col-1046889207\" class=\"col medium-12 small-12 large-6\"  >\n\t\t<div class=\"col-inner\"  >\n\t\t\t\n\t\t\t\n\n\n  <div class=\"banner has-hover\" id=\"banner-748396483\">\n          <div class=\"banner-inner fill\">\n        <div class=\"banner-bg fill\" >\n            <div class=\"bg fill bg-fill\"><\/div>\n                                    \n                    <\/div>\n        <div class=\"banner-layers container\">\n            <div class=\"fill banner-link\"><\/div>            \n\n   <div id=\"text-box-1977571071\" class=\"text-box banner-layer x50 md-x50 lg-x50 y50 md-y50 lg-y50 res-text\">\n                                <div class=\"text-box-content text dark\">\n              \n              <div class=\"text-inner text-center\">\n                  \n\n\n              <\/div>\n           <\/div>\n                            \n<style>\n#text-box-1977571071 {\n  width: 60%;\n}\n#text-box-1977571071 .text-box-content {\n  font-size: 100%;\n}\n<\/style>\n    <\/div>\n \n\n        <\/div>\n      <\/div>\n\n            \n<style>\n#banner-748396483 {\n  padding-top: 99.99%;\n  background-color: rgb(255, 255, 255);\n}\n#banner-748396483 .bg.bg-loaded {\n  background-image: url(https:\/\/nagelibrestage.fr\/wp-content\/uploads\/2025\/06\/WhatsApp-Image-2025-06-24-a-10.08.18_71fc305d-768x1024.jpg);\n}\n#banner-748396483 .bg {\n  background-position: 18% 88%;\n}\n@media (min-width:550px) {\n  #banner-748396483 {\n    padding-top: 75%;\n  }\n}\n@media (min-width:850px) {\n  #banner-748396483 {\n    padding-top: 99.99%;\n  }\n}\n<\/style>\n  <\/div>\n\n\n\n\t\t<\/div>\n\t\t\t<\/div>\n\n\t\n\n\t<div id=\"col-777039859\" class=\"col medium-12 small-12 large-6\"  >\n\t\t<div class=\"col-inner\"  >\n\t\t\t\n\t\t\t\n\n\t<div id=\"gap-1092248057\" class=\"gap-element clearfix\" style=\"display:block; height:auto;\">\n\t\t\n<style>\n#gap-1092248057 {\n  padding-top: 10px;\n}\n@media (min-width:850px) {\n  #gap-1092248057 {\n    padding-top: 30px;\n  }\n}\n<\/style>\n\t<\/div>\n\t\n\n\t<div id=\"text-3914585601\" class=\"text\">\n\t\t\n\n<h2><strong>Il contesto: Ch\u00e2tel-Guyon, una citt\u00e0 termale nel cuore della regione dell'Alvernia.<\/strong><\/h2>\n\t\t\n<style>\n#text-3914585601 {\n  font-size: 1.5rem;\n}\n<\/style>\n\t<\/div>\n\t\n<p>Situato proprio\u00a0<strong>15 minuti a nord di Clermont-Ferrand<\/strong>,\u00a0<strong>Ch\u00e2tel-Guyon<\/strong>\u00a0\u00e8 un'affascinante citt\u00e0 termale immersa tra natura, patrimonio e benessere. Rinomata per le sue acque termali e per l'atmosfera tranquilla, la citt\u00e0 offre un ambiente ideale per riorganizzarsi e progredire in un ambiente naturale. In estate c'\u00e8 molto da fare, dalle passeggiate nei parchi ai concerti, al Casin\u00f2, al teatro e ai numerosi ristoranti, tra cui il nuovo ristorante stellato Michelin della citt\u00e0, l'Impulsif.<\/p>\n<p>Nelle immediate vicinanze si trova una rara meraviglia vulcanica: la\u00a0<strong>Gour de Tazenat<\/strong>, un lago circolare formato da un'antica esplosione freatomagmatica. Questo luogo magico sar\u00e0 l'ambientazione per 1 o 2\u00a0<strong>sessioni in acque libere<\/strong>, a seconda delle condizioni meteorologiche.<\/p>\n\n\t\t<\/div>\n\t\t\n<style>\n#col-777039859 > .col-inner {\n  padding: 0px 0px 0px 0;\n}\n@media (min-width:850px) {\n  #col-777039859 > .col-inner {\n    padding: 0px 0px 0px 10%;\n  }\n}\n<\/style>\n\t<\/div>\n\n\t\n\n<\/div>\n\n\t\t<\/div>\n\n\t\t\n<style>\n#section_1961475197 {\n  padding-top: 40px;\n  padding-bottom: 40px;\n}\n@media (min-width:850px) {\n  #section_1961475197 {\n    padding-top: 70px;\n    padding-bottom: 70px;\n  }\n}\n<\/style>\n\t<\/section>\n\t\n\t<section class=\"section\" id=\"section_2084728691\">\n\t\t<div class=\"bg section-bg fill bg-fill  bg-loaded\" >\n\n\t\t\t\n\t\t\t\n\t\t\t\n\n\t\t<\/div>\n\n\t\t<div class=\"section-content relative\">\n\t\t\t\n\n<div class=\"row\"  id=\"row-710608021\">\n\n\n\t<div id=\"col-1262169680\" class=\"col small-12 large-12\"  >\n\t\t<div class=\"col-inner text-center\"  >\n\t\t\t\n\t\t\t\n\n<h2><span style=\"color: #000080;\"><strong>Per nuotatori adulti e adolescenti <\/strong><\/span><\/h2>\n<h2><span style=\"color: #000080;\"><strong>(a partire dai 15 anni)<\/strong><\/span><\/h2>\n\n\t\t<\/div>\n\t\t\t<\/div>\n\n\t\n\n<\/div>\n<div class=\"row align-equal align-center\"  id=\"row-1963839594\">\n\n\n\t<div id=\"col-1135851852\" class=\"col medium-8 small-12 large-4\"  >\n\t\t<div class=\"col-inner text-left\"  >\n\t\t\t\n\t\t\t\n\n<h2><strong>Corso di formazione avanzata <\/strong><\/h2>\n<p><span style=\"font-size: 18px;\"><strong>10 sessioni in 5 giorni<\/strong><\/span><\/p>\n<p>\ud83d\udd58 9.00 - 10.00 , 19.00 - 20.00 (sera)<\/p>\n<p>Il\u00a0<strong>Le sessioni si svolgono nella piscina all'aperto di 25 metri di Ch\u00e2tel-Guyon.<\/strong>, Un ambiente piacevole e non affollato.<\/p>\n<hr \/>\n<ul>\n<li class=\"bullet-checkmark\">Migliorare il vostro <strong>strisciare<\/strong>, in relazione al nuoto in acque libere<\/li>\n<li class=\"bullet-checkmark\">Sviluppate il vostro\u00a0<strong>condizione fisica<\/strong>\u00a0in un'atmosfera amichevole<\/li>\n<li class=\"bullet-checkmark\">Acquisire parametri di riferimento semplici ed efficaci per un progresso sostenibile<\/li>\n<li class=\"bullet-checkmark\">\n<p>\ud83c\udf81\u00a0<strong>Incluso nella registrazione<\/strong>\u00a0:<\/p>\n<ul>\n<li>1 cuffia da bagno in silicone riciclato<\/li>\n<li>1 maglietta del club<\/li>\n<\/ul>\n<\/li>\n<\/ul>\n<p><span style=\"font-size: 17px;\"><span style=\"font-size: 24px;\">Prezzo :<\/span><span style=\"font-size: 30px;\"> 250<strong>\u00a0\u20ac<\/strong><\/span><\/span><\/p>\n<a href=\"https:\/\/nagelibrestage.fr\/it\/prodotto\/stage-de-perfectionnement-natation\/\" target=\"_self\" class=\"button primary expand\"  style=\"border-radius:99px;\">\n    <span>RISERVA<\/span>\n  <\/a>\n\n\n\t<div id=\"gap-889415954\" class=\"gap-element clearfix\" style=\"display:block; height:auto;\">\n\t\t\n<style>\n#gap-889415954 {\n  padding-top: 10px;\n}\n<\/style>\n\t<\/div>\n\t\n\n\n\t\t<\/div>\n\t\t\t<\/div>\n\n\t\n\n\n<style>\n#row-1963839594 > .col > .col-inner {\n  padding: 30px 30px 30px 30px;\n  background-color: rgb(255,255,255);\n}\n<\/style>\n<\/div>\n\n\t\t<\/div>\n\n\t\t\n<style>\n#section_2084728691 {\n  padding-top: 60px;\n  padding-bottom: 60px;\n  background-color: rgb(245, 247, 251);\n}\n<\/style>\n\t<\/section>\n\t\n\t<section class=\"section\" id=\"section_1316070020\">\n\t\t<div class=\"bg section-bg fill bg-fill  bg-loaded\" >\n\n\t\t\t\n\t\t\t\n\t\t\t\n\n\t\t<\/div>\n\n\t\t<div class=\"section-content relative\">\n\t\t\t\n\n<div class=\"row\"  id=\"row-2133314507\">\n\n\n\t<div id=\"col-71720944\" class=\"col small-12 large-12\"  >\n\t\t<div class=\"col-inner text-center\"  >\n\t\t\t\n\t\t\t\n\n<h2><span style=\"color: #282828;\">Corso di nuoto per bambini - NAGE LIBRE STAGE<\/span><\/h2>\n<p><span style=\"font-size: 18px;\"><strong>Per i bambini dai 5 ai 14 anni<\/strong><\/span><br \/><strong>A Ch\u00e2tel-Guyon (63) - Imparare a nuotare con sicurezza<\/strong><\/p>\n<h3 style=\"text-align: center;\">\ud83c\udf1e Un corso intensivo per imparare a nuotare<\/h3>\n<p style=\"text-align: center;\">Progettato per\u00a0<strong>bambini locali<\/strong>\u00a0o\u00a0<strong>chi accompagna un nuotatore adulto<\/strong>, Questo corso offre\u00a0<strong>un approccio moderno, attento ed efficace<\/strong>\u00a0imparare a nuotare.<\/p>\n<p style=\"text-align: center;\">\ud83d\udc49 In una sola settimana, i vostri bambini scopriranno le basi del nuoto senza galleggianti, sviluppando la disinvoltura, la sicurezza e le capacit\u00e0 motorie in acqua.<\/p>\n<h3 style=\"text-align: center;\"><span style=\"font-size: 20px;\">\ud83d\uddd3\ufe0f Tre opzioni tra cui scegliere<\/span><\/h3>\n<p style=\"text-align: center;\">Le lezioni si tengono presso il\u00a0<strong>Piscina all'aperto di Ch\u00e2tel-Guyon<\/strong>, Il modo perfetto per praticare il vostro sport preferito in un ambiente naturale e sicuro, sotto la supervisione di professionisti esperti.<\/p>\n\n\t\t<\/div>\n\t\t\t<\/div>\n\n\t\n\n<\/div>\n<div class=\"row align-equal align-center\"  id=\"row-802760781\">\n\n\n\t<div id=\"col-301256342\" class=\"col medium-8 small-12 large-4\"  >\n\t\t<div class=\"col-inner text-left\"  >\n\t\t\t\n\t\t\t\n\n<h2><strong>Corso mattutino <\/strong><\/h2>\n<p><span style=\"font-size: 18px;\"><strong>5 sessioni in 5 giorni<\/strong><\/span><\/p>\n<p>\ud83d\udd58 9.00-10.00<\/p>\n<p>Il\u00a0<strong>Le sessioni si svolgono nella piscina all'aperto di 25 metri di Ch\u00e2tel-Guyon.<\/strong>, Un ambiente piacevole e non affollato.<\/p>\n<div class=\"is-divider divider clearfix\" style=\"margin-top:5px;margin-bottom:5px;max-width:100%;height:2px;background-color:rgb(111, 166, 212);\"><\/div>\n\n\t<div id=\"gap-619135696\" class=\"gap-element clearfix\" style=\"display:block; height:auto;\">\n\t\t\n<style>\n#gap-619135696 {\n  padding-top: 10px;\n}\n<\/style>\n\t<\/div>\n\t\n\n<p>\u00a0<\/p>\n<ul>\n<li class=\"bullet-checkmark\">Migliorare il vostro <strong>strisciare<\/strong>, in relazione al nuoto in acque libere<\/li>\n<li class=\"bullet-checkmark\">Sviluppate il vostro\u00a0<strong>condizione fisica<\/strong>\u00a0in un'atmosfera amichevole<\/li>\n<li class=\"bullet-checkmark\">Acquisire parametri di riferimento semplici ed efficaci per un progresso sostenibile<\/li>\n<li class=\"bullet-checkmark\">\n<p>\ud83c\udf81\u00a0<strong>Incluso nella registrazione<\/strong>\u00a0:<\/p>\n<ul>\n<li>1 cuffia da bagno in silicone riciclato<\/li>\n<li>1 maglietta del club<\/li>\n<\/ul>\n<\/li>\n<\/ul>\n<div class=\"is-divider divider clearfix\" style=\"margin-top:5px;margin-bottom:5px;max-width:100%;height:2px;background-color:rgb(111, 166, 212);\"><\/div>\n\n<p><span style=\"font-size: 17px;\"><span style=\"font-size: 24px;\">Prezzo :<\/span><span style=\"font-size: 30px;\"> 75<strong>\u00a0\u20ac<\/strong><\/span><\/span><\/p>\n<a href=\"https:\/\/nagelibrestage.fr\/it\/prodotto\/stage-matin-enfants\/\" target=\"_self\" class=\"button primary expand\"  style=\"border-radius:99px;\">\n    <span>RISERVA<\/span>\n  <\/a>\n\n\n\n\t\t<\/div>\n\t\t\t<\/div>\n\n\t\n\n\t<div id=\"col-446541723\" class=\"col medium-8 small-12 large-4\"  >\n\t\t<div class=\"col-inner text-left\"  >\n\t\t\t\n\t\t\t\n\n<h2><strong>Corso serale <\/strong><\/h2>\n<p><span style=\"font-size: 18px;\"><strong>\u00a05 sessioni in 5 giorni<\/strong><\/span><\/p>\n<p>\ud83d\udd56 19.00-20.00<\/p>\n<p>Il <strong>Le sessioni si svolgono nella piscina all'aperto di 25 metri di Ch\u00e2tel-Guyon.<\/strong>, Un ambiente piacevole e non affollato.<\/p>\n<div class=\"is-divider divider clearfix\" style=\"margin-top:5px;margin-bottom:5px;max-width:100%;height:2px;background-color:rgb(111, 166, 212);\"><\/div>\n\n\t<div id=\"gap-1323818713\" class=\"gap-element clearfix\" style=\"display:block; height:auto;\">\n\t\t\n<style>\n#gap-1323818713 {\n  padding-top: 10px;\n}\n<\/style>\n\t<\/div>\n\t\n\n<p>\u00a0<\/p>\n<ul>\n<li class=\"bullet-checkmark\">Migliorare il vostro <strong>strisciare<\/strong>, in relazione al nuoto in acque libere<\/li>\n<li class=\"bullet-checkmark\">Sviluppate il vostro\u00a0<strong>condizione fisica<\/strong>\u00a0in un'atmosfera amichevole<\/li>\n<li class=\"bullet-checkmark\">Acquisire parametri di riferimento semplici ed efficaci per un progresso sostenibile<\/li>\n<li class=\"bullet-checkmark\">\n<p>\ud83c\udf81\u00a0<strong>Incluso nella registrazione<\/strong>\u00a0:<\/p>\n<ul>\n<li>1 cuffia da bagno in silicone riciclato<\/li>\n<li>1 maglietta del club<\/li>\n<\/ul>\n<\/li>\n<\/ul>\n<div class=\"is-divider divider clearfix\" style=\"margin-top:5px;margin-bottom:5px;max-width:100%;height:2px;background-color:rgb(111, 166, 212);\"><\/div>\n\n<p><span style=\"font-size: 17px;\"><span style=\"font-size: 24px;\">Prezzo :<\/span><span style=\"font-size: 30px;\"> 75<strong>\u00a0\u20ac<\/strong><\/span><\/span><\/p>\n<a href=\"https:\/\/nagelibrestage.fr\/it\/prodotto\/stage-soir-enfants\/\" target=\"_self\" class=\"button primary expand\"  style=\"border-radius:99px;\">\n    <span>RISERVA<\/span>\n  <\/a>\n\n\n\n\t\t<\/div>\n\t\t\t<\/div>\n\n\t\n\n\t<div id=\"col-981602499\" class=\"col medium-8 small-12 large-4\"  >\n\t\t<div class=\"col-inner text-left\"  >\n\t\t\t\n\t\t\t\n\n<h2><strong>Corso intensivo<\/strong><\/h2>\n<p><span style=\"font-size: 18px;\"><strong>10 sessioni in 5 giorni<\/strong><\/span><\/p>\n<p>\ud83d\udd58 9.00 - 10.00 , 19.00 - 20.00 (sera)<\/p>\n<p>Il\u00a0<strong>Le sessioni si svolgono nella piscina all'aperto di 25 metri di Ch\u00e2tel-Guyon.<\/strong>, Un ambiente piacevole e non affollato.<\/p>\n<div class=\"is-divider divider clearfix\" style=\"margin-top:5px;margin-bottom:5px;max-width:100%;height:2px;background-color:rgb(111, 166, 212);\"><\/div>\n\n\t<div id=\"gap-1953309839\" class=\"gap-element clearfix\" style=\"display:block; height:auto;\">\n\t\t\n<style>\n#gap-1953309839 {\n  padding-top: 10px;\n}\n<\/style>\n\t<\/div>\n\t\n\n<p>\u00a0<\/p>\n<ul>\n<li class=\"bullet-checkmark\">Migliorare il vostro <strong>strisciare<\/strong>, in relazione al nuoto in acque libere<\/li>\n<li class=\"bullet-checkmark\">Sviluppate il vostro\u00a0<strong>condizione fisica<\/strong>\u00a0in un'atmosfera amichevole<\/li>\n<li class=\"bullet-checkmark\">Acquisire parametri di riferimento semplici ed efficaci per un progresso sostenibile<\/li>\n<li class=\"bullet-checkmark\">\n<p>\ud83c\udf81\u00a0<strong>Incluso nella registrazione<\/strong>\u00a0:<\/p>\n<ul>\n<li>1 cuffia da bagno in silicone riciclato<\/li>\n<li>1 maglietta del club<\/li>\n<\/ul>\n<\/li>\n<\/ul>\n<div class=\"is-divider divider clearfix\" style=\"margin-top:5px;margin-bottom:5px;max-width:100%;height:2px;background-color:rgb(111, 166, 212);\"><\/div>\n\n<p><span style=\"font-size: 17px;\"><span style=\"font-size: 24px;\">Prezzo :<\/span><span style=\"font-size: 30px;\">\u00a0<strong>150 \u20ac<\/strong><\/span><\/span><\/p>\n<a href=\"https:\/\/nagelibrestage.fr\/it\/prodotto\/stage-intensif\/\" target=\"_self\" class=\"button primary expand\"  style=\"border-radius:99px;\">\n    <span>RISERVA<\/span>\n  <\/a>\n\n\n\n\t\t<\/div>\n\t\t\t<\/div>\n\n\t\n\n\n<style>\n#row-802760781 > .col > .col-inner {\n  padding: 30px 30px 30px 30px;\n  background-color: rgb(255,255,255);\n}\n<\/style>\n<\/div>\n\n\t\t<\/div>\n\n\t\t\n<style>\n#section_1316070020 {\n  padding-top: 60px;\n  padding-bottom: 60px;\n  background-color: rgb(245, 247, 251);\n}\n<\/style>\n\t<\/section>\n\t\n<p>\u00a0<\/p>\n<p>\u00a0<\/p>\n<h3 style=\"text-align: center;\">\ud83d\udca1 Un approccio all'insegnamento diverso e incentrato sul bambino<\/h3>\n<p style=\"text-align: center;\">A\u00a0<strong>NUOTO LIBERO<\/strong>, l'apprendimento ha luogo\u00a0<strong>senza apparecchiature di flottazione<\/strong>. I bambini scoprono\u00a0<strong>se stessi<\/strong>, sperimentare, esplorare e imparare\u00a0<strong>in modo logico e progressivo<\/strong>.<\/p>\n<p style=\"text-align: center;\">\ud83d\udd39 Un approccio dolce e rassicurante<br \/>\ud83d\udd39 Sviluppo delle capacit\u00e0 motorie acquatiche naturali<br \/>\ud83d\udd39 Solide fondamenta per anni di nuoto sereno<br \/>\ud83d\udd39 Apprendimento incentrato su\u00a0<strong>sicurezza, autonomia e fiducia<\/strong><\/p>\n<h3 style=\"text-align: center;\"><span style=\"color: #282828;\">\ud83d\udc65 Allenatori<\/span><\/h3>\n<p style=\"text-align: center;\">Il corso \u00e8 seguito dagli stessi professionisti dei corsi per adulti:<\/p>\n<ul>\n<li style=\"text-align: center;\"><strong>Vincent Argillier<\/strong>, fondatore di NAGE LIBRE FRANCE, ex allenatore nazionale di nuoto e triathlon ed esperto di insegnamento personalizzato.<\/li>\n<li style=\"text-align: center;\"><strong>Julien Soulagnat<\/strong>, Ha una passione e un'esperienza di lavoro con i giovani nuotatori.<\/li>\n<\/ul>","protected":false},"excerpt":{"rendered":"","protected":false},"author":1,"featured_media":0,"parent":0,"menu_order":0,"comment_status":"closed","ping_status":"closed","template":"","meta":{"footnotes":""},"class_list":["post-7576","page","type-page","status-publish","hentry"],"jetpack_sharing_enabled":true,"_links":{"self":[{"href":"https:\/\/nagelibrestage.fr\/it\/wp-json\/wp\/v2\/pages\/7576","targetHints":{"allow":["GET"]}}],"collection":[{"href":"https:\/\/nagelibrestage.fr\/it\/wp-json\/wp\/v2\/pages"}],"about":[{"href":"https:\/\/nagelibrestage.fr\/it\/wp-json\/wp\/v2\/types\/page"}],"author":[{"embeddable":true,"href":"https:\/\/nagelibrestage.fr\/it\/wp-json\/wp\/v2\/users\/1"}],"replies":[{"embeddable":true,"href":"https:\/\/nagelibrestage.fr\/it\/wp-json\/wp\/v2\/comments?post=7576"}],"version-history":[{"count":29,"href":"https:\/\/nagelibrestage.fr\/it\/wp-json\/wp\/v2\/pages\/7576\/revisions"}],"predecessor-version":[{"id":7631,"href":"https:\/\/nagelibrestage.fr\/it\/wp-json\/wp\/v2\/pages\/7576\/revisions\/7631"}],"wp:attachment":[{"href":"https:\/\/nagelibrestage.fr\/it\/wp-json\/wp\/v2\/media?parent=7576"}],"curies":[{"name":"wp","href":"https:\/\/api.w.org\/{rel}","templated":true}]}}