{"id":6314,"date":"2022-11-27T11:54:51","date_gmt":"2022-11-27T10:54:51","guid":{"rendered":"https:\/\/woocommerce.snl-france.com\/?post_type=product&#038;p=6314"},"modified":"2023-11-11T08:12:14","modified_gmt":"2023-11-11T07:12:14","slug":"licence-nageur-a-la-ffn","status":"publish","type":"product","link":"https:\/\/nagelibrestage.fr\/es\/producto\/licence-nageur-a-la-ffn\/","title":{"rendered":"Licencia de nadador FFN"},"content":{"rendered":"<h1><strong><span style=\"vertical-align: inherit;\"><span style=\"vertical-align: inherit;\">Licencia de nadador en la FFN<\/span><\/span><\/strong><\/h1>\n<p>La licencia de nadador FFN es una licencia oficial expedida por la F\u00e9d\u00e9ration Nationale de Natation, que permite a los nadadores de todos los niveles afiliarse a la federaci\u00f3n. Esta licencia ofrece muchas ventajas tanto a los nadadores principiantes como a los experimentados.<\/p>\n<p>Al adquirir una licencia de nataci\u00f3n FFN en NageLibre, se beneficiar\u00e1 de un seguimiento personalizado de su nataci\u00f3n. La FFN propone programas de entrenamiento adaptados a cada nivel de pr\u00e1ctica, que se actualizan regularmente en funci\u00f3n de los \u00faltimos avances cient\u00edficos. Contratando una licencia de nadador FFN, podr\u00e1s beneficiarte de estos programas y mejorar tu t\u00e9cnica de nataci\u00f3n para progresar r\u00e1pidamente.<\/p>\n<p>Tambi\u00e9n te dar\u00e1 acceso a las competiciones organizadas por la federaci\u00f3n. Tanto si es principiante como experto, podr\u00e1 participar en competiciones adaptadas a su nivel de experiencia y medirse con otros nadadores de toda Francia. Estas competiciones son una oportunidad para medir tus progresos y conocer a otros aficionados a la nataci\u00f3n.<\/p>\n<p>Adem\u00e1s de estas ventajas deportivas, tambi\u00e9n se beneficiar\u00e1 de tarifas preferentes para determinados equipos de nataci\u00f3n. La FFN ha establecido asociaciones con fabricantes de material para ofrecer descuentos exclusivos a los nadadores afiliados a la federaci\u00f3n.<\/p>\n<p>Por \u00faltimo, la licencia de nadador de la FFN es una prueba oficial de tu nivel de nataci\u00f3n, reconocida por todos los clubes y asociaciones afiliados a la FFN. Esta licencia te permite unirte a un club de nataci\u00f3n o participar en eventos organizados por la federaci\u00f3n.<\/p>\n<p>En resumen, comprar una Licencia de Nataci\u00f3n FFN en NageLibre ofrece muchas ventajas a los nadadores de todos los niveles, como programas de entrenamiento a medida, acceso a competiciones, tarifas preferentes en material de nataci\u00f3n y reconocimiento oficial de tu nivel de nataci\u00f3n. \u00a1No pierdas esta oportunidad de desarrollar tu nataci\u00f3n con la Licencia de Nataci\u00f3n FFN!<\/p>","protected":false},"excerpt":{"rendered":"<p>Indique el n\u00famero de licencias que desea suscribir (1 licencia obligatoria al a\u00f1o)<\/p>","protected":false},"featured_media":7083,"template":"","meta":[],"product_brand":[],"product_cat":[80],"product_tag":[],"class_list":{"0":"post-6314","1":"product","2":"type-product","3":"status-publish","4":"has-post-thumbnail","6":"product_cat-bundle","8":"first","9":"instock","10":"purchasable","11":"product-type-simple"},"composite_virtual":false,"composite_layout":"","composite_add_to_cart_form_location":"","composite_editable_in_cart":false,"composite_sold_individually_context":"","composite_shop_price_calc":"","composite_components":[],"composite_scenarios":[],"bundle_layout":"","bundle_add_to_cart_form_location":"","bundle_editable_in_cart":false,"bundle_sold_individually_context":"","bundle_item_grouping":"","bundle_min_size":"","bundle_max_size":"","bundled_by":["6128","6124","6126","6088","6184","5972","6545","6584","6686","6812","6827","6835","6849","6857","6868","6869","6874","6882","6894","6813","6213","7389","7398","7822"],"bundled_items":[],"exclude_global_add_ons":[],"addons":[],"jetpack_sharing_enabled":true,"_links":{"self":[{"href":"https:\/\/nagelibrestage.fr\/es\/wp-json\/wp\/v2\/product\/6314","targetHints":{"allow":["GET"]}}],"collection":[{"href":"https:\/\/nagelibrestage.fr\/es\/wp-json\/wp\/v2\/product"}],"about":[{"href":"https:\/\/nagelibrestage.fr\/es\/wp-json\/wp\/v2\/types\/product"}],"wp:featuredmedia":[{"embeddable":true,"href":"https:\/\/nagelibrestage.fr\/es\/wp-json\/wp\/v2\/media\/7083"}],"wp:attachment":[{"href":"https:\/\/nagelibrestage.fr\/es\/wp-json\/wp\/v2\/media?parent=6314"}],"wp:term":[{"taxonomy":"product_brand","embeddable":true,"href":"https:\/\/nagelibrestage.fr\/es\/wp-json\/wp\/v2\/product_brand?post=6314"},{"taxonomy":"product_cat","embeddable":true,"href":"https:\/\/nagelibrestage.fr\/es\/wp-json\/wp\/v2\/product_cat?post=6314"},{"taxonomy":"product_tag","embeddable":true,"href":"https:\/\/nagelibrestage.fr\/es\/wp-json\/wp\/v2\/product_tag?post=6314"}],"curies":[{"name":"wp","href":"https:\/\/api.w.org\/{rel}","templated":true}]}}