{"id":7576,"date":"2025-06-24T09:38:12","date_gmt":"2025-06-24T07:38:12","guid":{"rendered":"https:\/\/nagelibrestage.fr\/?page_id=7576"},"modified":"2025-06-25T09:55:53","modified_gmt":"2025-06-25T07:55:53","slug":"stage-de-perfectionnement-natation-nage-libre-stage","status":"publish","type":"page","link":"https:\/\/nagelibrestage.fr\/es\/stage-de-perfectionnement-natation-nage-libre-stage\/","title":{"rendered":"Curso de nataci\u00f3n avanzado - NAGE LIBRE STAGE"},"content":{"rendered":"<section class=\"section\" id=\"section_677163992\">\n\t\t<div class=\"bg section-bg fill bg-fill\" >\n\n\t\t\t\n\t\t\t\n\t\t\t\n\n\t\t<\/div>\n\n\t\t<div class=\"section-content relative\">\n\t\t\t\n\n<div class=\"row align-center\"  id=\"row-1861456116\">\n\n\n\t<div id=\"col-1607936372\" class=\"col medium-8 small-12 large-8\"  >\n\t\t<div class=\"col-inner text-center\"  >\n\t\t\t\n\t\t\t\n\n\n\t\t<\/div>\n\t\t\t<\/div>\n\n\t\n\n<\/div>\n\t<div id=\"gap-2096815392\" class=\"gap-element clearfix\" style=\"display:block; height:auto;\">\n\t\t\n<style>\n#gap-2096815392 {\n  padding-top: 100px;\n}\n<\/style>\n\t<\/div>\n\t\n\n\n\t\t<\/div>\n\n\t\t\n<style>\n#section_677163992 {\n  padding-top: 120px;\n  padding-bottom: 120px;\n  background-color: rgb(255,255,255);\n}\n#section_677163992 .section-bg.bg-loaded {\n  background-image: url(https:\/\/nagelibrestage.fr\/wp-content\/uploads\/2025\/06\/WhatsApp-Image-2025-06-24-a-10.09.48_2c11e2db.jpg);\n}\n#section_677163992 .section-bg {\n  background-position: 32% 51%;\n}\n<\/style>\n\t<\/section>\n\t\n\t<section class=\"section\" id=\"section_1213999909\">\n\t\t<div class=\"bg section-bg fill bg-fill  bg-loaded\" >\n\n\t\t\t\n\t\t\t\n\t\t\t\n\n\t\t<\/div>\n\n\t\t<div class=\"section-content relative\">\n\t\t\t\n\n\t<div id=\"gap-1764549077\" class=\"gap-element clearfix\" style=\"display:block; height:auto;\">\n\t\t\n<style>\n#gap-1764549077 {\n  padding-top: 30px;\n}\n<\/style>\n\t<\/div>\n\t\n\n<div class=\"row align-middle\"  id=\"row-1112200916\">\n\n\n\t<div id=\"col-442569015\" class=\"col medium-12 small-12 large-6\"  >\n\t\t<div class=\"col-inner\"  >\n\t\t\t\n\t\t\t\n\n\n  <div class=\"banner has-hover\" id=\"banner-1405496534\">\n          <div class=\"banner-inner fill\">\n        <div class=\"banner-bg fill\" >\n            <div class=\"bg fill bg-fill\"><\/div>\n                                    \n                    <\/div>\n        <div class=\"banner-layers container\">\n            <div class=\"fill banner-link\"><\/div>            \n\n   <div id=\"text-box-1463443925\" class=\"text-box banner-layer x50 md-x50 lg-x50 y50 md-y50 lg-y50 res-text\">\n                                <div class=\"text-box-content text dark\">\n              \n              <div class=\"text-inner text-center\">\n                  \n\n\n              <\/div>\n           <\/div>\n                            \n<style>\n#text-box-1463443925 {\n  width: 60%;\n}\n#text-box-1463443925 .text-box-content {\n  font-size: 100%;\n}\n<\/style>\n    <\/div>\n \n\n        <\/div>\n      <\/div>\n\n            \n<style>\n#banner-1405496534 {\n  padding-top: 99.99%;\n  background-color: rgb(255, 255, 255);\n}\n#banner-1405496534 .bg.bg-loaded {\n  background-image: url(https:\/\/nagelibrestage.fr\/wp-content\/uploads\/2025\/06\/WhatsApp-Image-2025-06-24-a-10.08.18_71fc305d-768x1024.jpg);\n}\n#banner-1405496534 .bg {\n  background-position: 18% 88%;\n}\n@media (min-width:550px) {\n  #banner-1405496534 {\n    padding-top: 75%;\n  }\n}\n@media (min-width:850px) {\n  #banner-1405496534 {\n    padding-top: 99.99%;\n  }\n}\n<\/style>\n  <\/div>\n\n\n\n\t\t<\/div>\n\t\t\t<\/div>\n\n\t\n\n\t<div id=\"col-172642596\" class=\"col medium-12 small-12 large-6\"  >\n\t\t<div class=\"col-inner\"  >\n\t\t\t\n\t\t\t\n\n\t<div id=\"gap-141707800\" class=\"gap-element clearfix\" style=\"display:block; height:auto;\">\n\t\t\n<style>\n#gap-141707800 {\n  padding-top: 10px;\n}\n@media (min-width:850px) {\n  #gap-141707800 {\n    padding-top: 30px;\n  }\n}\n<\/style>\n\t<\/div>\n\t\n\n\t<div id=\"text-1896024623\" class=\"text\">\n\t\t\n\n<h2><strong>El escenario: Ch\u00e2tel-Guyon, ciudad balneario situada en el coraz\u00f3n de la regi\u00f3n de Auvernia.<\/strong><\/h2>\n\t\t\n<style>\n#text-1896024623 {\n  font-size: 1.5rem;\n}\n<\/style>\n\t<\/div>\n\t\n<p>Situado justo\u00a0<strong>15 minutos al norte de Clermont-Ferrand<\/strong>,\u00a0<strong>Ch\u00e2tel-Guyon<\/strong>\u00a0es una encantadora ciudad balneario enclavada entre la naturaleza, el patrimonio y el bienestar. Conocida por sus aguas termales y su ambiente tranquilo, la ciudad ofrece el marco ideal para volver a centrarse en uno mismo y progresar en un entorno natural. En verano, la ciudad ofrece numerosas actividades: paseos por sus parques, conciertos, el Casino, el teatro y numerosos restaurantes, entre ellos el nuevo restaurante de la ciudad, l'Impulsif, galardonado con una estrella Michelin.<\/p>\n<p>En las inmediaciones se encuentra una rara maravilla volc\u00e1nica: el\u00a0<strong>Gour de Tazenat<\/strong>, un lago circular formado por una antigua explosi\u00f3n freatomagm\u00e1tica. Este lugar m\u00e1gico ser\u00e1 el escenario de 1 a 2\u00a0<strong>sesiones de aguas abiertas<\/strong>, en funci\u00f3n de las condiciones meteorol\u00f3gicas.<\/p>\n\n\t\t<\/div>\n\t\t\n<style>\n#col-172642596 > .col-inner {\n  padding: 0px 0px 0px 0;\n}\n@media (min-width:850px) {\n  #col-172642596 > .col-inner {\n    padding: 0px 0px 0px 10%;\n  }\n}\n<\/style>\n\t<\/div>\n\n\t\n\n<\/div>\n\n\t\t<\/div>\n\n\t\t\n<style>\n#section_1213999909 {\n  padding-top: 40px;\n  padding-bottom: 40px;\n}\n@media (min-width:850px) {\n  #section_1213999909 {\n    padding-top: 70px;\n    padding-bottom: 70px;\n  }\n}\n<\/style>\n\t<\/section>\n\t\n\t<section class=\"section\" id=\"section_1438815853\">\n\t\t<div class=\"bg section-bg fill bg-fill  bg-loaded\" >\n\n\t\t\t\n\t\t\t\n\t\t\t\n\n\t\t<\/div>\n\n\t\t<div class=\"section-content relative\">\n\t\t\t\n\n<div class=\"row\"  id=\"row-1228139191\">\n\n\n\t<div id=\"col-1062036272\" class=\"col small-12 large-12\"  >\n\t\t<div class=\"col-inner text-center\"  >\n\t\t\t\n\t\t\t\n\n<h2><span style=\"color: #000080;\"><strong>Para nadadores adultos y adolescentes <\/strong><\/span><\/h2>\n<h2><span style=\"color: #000080;\"><strong>(a partir de 15 a\u00f1os)<\/strong><\/span><\/h2>\n\n\t\t<\/div>\n\t\t\t<\/div>\n\n\t\n\n<\/div>\n<div class=\"row align-equal align-center\"  id=\"row-1843631784\">\n\n\n\t<div id=\"col-1196482519\" class=\"col medium-8 small-12 large-4\"  >\n\t\t<div class=\"col-inner text-left\"  >\n\t\t\t\n\t\t\t\n\n<h2><strong>Curso de formaci\u00f3n avanzada <\/strong><\/h2>\n<p><span style=\"font-size: 18px;\"><strong>10 sesiones en 5 d\u00edas<\/strong><\/span><\/p>\n<p>\ud83d\udd58 9 h - 10 h , 19 h - 20 h (tarde)<\/p>\n<p>En\u00a0<strong>las sesiones tienen lugar en la piscina exterior de 25 m de Ch\u00e2tel-Guyon<\/strong>, Un entorno agradable y poco concurrido.<\/p>\n<hr \/>\n<ul>\n<li class=\"bullet-checkmark\">Mejore su <strong>arrastrarse<\/strong>, en relaci\u00f3n con la nataci\u00f3n en aguas abiertas<\/li>\n<li class=\"bullet-checkmark\">Desarrolle su\u00a0<strong>condici\u00f3n f\u00edsica<\/strong>\u00a0en un ambiente cordial<\/li>\n<li class=\"bullet-checkmark\">Adquirir puntos de referencia sencillos y eficaces para un progreso sostenible<\/li>\n<li class=\"bullet-checkmark\">\n<p>\ud83c\udf81\u00a0<strong>Incluido en su inscripci\u00f3n<\/strong>\u00a0:<\/p>\n<ul>\n<li>1 gorro de ba\u00f1o de silicona reciclada<\/li>\n<li>1 camiseta del club<\/li>\n<\/ul>\n<\/li>\n<\/ul>\n<p><span style=\"font-size: 17px;\"><span style=\"font-size: 24px;\">Precio :<\/span><span style=\"font-size: 30px;\"> 250<strong>\u00a0\u20ac<\/strong><\/span><\/span><\/p>\n<a href=\"https:\/\/nagelibrestage.fr\/es\/producto\/stage-de-perfectionnement-natation\/\" target=\"_self\" class=\"button primary expand\"  style=\"border-radius:99px;\">\n    <span>I RESERVA<\/span>\n  <\/a>\n\n\n\t<div id=\"gap-595537715\" class=\"gap-element clearfix\" style=\"display:block; height:auto;\">\n\t\t\n<style>\n#gap-595537715 {\n  padding-top: 10px;\n}\n<\/style>\n\t<\/div>\n\t\n\n\n\t\t<\/div>\n\t\t\t<\/div>\n\n\t\n\n\n<style>\n#row-1843631784 > .col > .col-inner {\n  padding: 30px 30px 30px 30px;\n  background-color: rgb(255,255,255);\n}\n<\/style>\n<\/div>\n\n\t\t<\/div>\n\n\t\t\n<style>\n#section_1438815853 {\n  padding-top: 60px;\n  padding-bottom: 60px;\n  background-color: rgb(245, 247, 251);\n}\n<\/style>\n\t<\/section>\n\t\n\t<section class=\"section\" id=\"section_1146974682\">\n\t\t<div class=\"bg section-bg fill bg-fill  bg-loaded\" >\n\n\t\t\t\n\t\t\t\n\t\t\t\n\n\t\t<\/div>\n\n\t\t<div class=\"section-content relative\">\n\t\t\t\n\n<div class=\"row\"  id=\"row-278284214\">\n\n\n\t<div id=\"col-967131075\" class=\"col small-12 large-12\"  >\n\t\t<div class=\"col-inner text-center\"  >\n\t\t\t\n\t\t\t\n\n<h2><span style=\"color: #282828;\">Curso de nataci\u00f3n para ni\u00f1os - NAGE LIBRE STAGE<\/span><\/h2>\n<p><span style=\"font-size: 18px;\"><strong>Para ni\u00f1os de 5 a 14 a\u00f1os<\/strong><\/span><br \/><strong>En Ch\u00e2tel-Guyon (63) - Aprender a nadar con confianza<\/strong><\/p>\n<h3 style=\"text-align: center;\">\ud83c\udf1e Un curso intensivo para aprender a nadar<\/h3>\n<p style=\"text-align: center;\">Dise\u00f1ado para\u00a0<strong>ni\u00f1os de la localidad<\/strong>\u00a0o\u00a0<strong>los acompa\u00f1antes de un nadador adulto<\/strong>, Este curso ofrece\u00a0<strong>un enfoque moderno, atento y eficaz<\/strong>\u00a0aprender a nadar.<\/p>\n<p style=\"text-align: center;\">\ud83d\udc49 En s\u00f3lo una semana, tus hijos descubrir\u00e1n los fundamentos de la nataci\u00f3n sin equipo de flotaci\u00f3n, desarrollando su soltura, seguridad y motricidad en el agua.<\/p>\n<h3 style=\"text-align: center;\"><span style=\"font-size: 20px;\">\ud83d\uddd3\ufe0f Tres opciones a elegir<\/span><\/h3>\n<p style=\"text-align: center;\">Las clases se imparten en el\u00a0<strong>Piscina exterior de Ch\u00e2tel-Guyon<\/strong>, La manera perfecta de descubrir el mundo del tenis, en un entorno seguro y natural, supervisado por profesionales experimentados.<\/p>\n\n\t\t<\/div>\n\t\t\t<\/div>\n\n\t\n\n<\/div>\n<div class=\"row align-equal align-center\"  id=\"row-1656620714\">\n\n\n\t<div id=\"col-1511191619\" class=\"col medium-8 small-12 large-4\"  >\n\t\t<div class=\"col-inner text-left\"  >\n\t\t\t\n\t\t\t\n\n<h2><strong>Curso matinal <\/strong><\/h2>\n<p><span style=\"font-size: 18px;\"><strong>5 sesiones en 5 d\u00edas<\/strong><\/span><\/p>\n<p>\ud83d\udd58 9.00 h - 10.00 h<\/p>\n<p>En\u00a0<strong>las sesiones tienen lugar en la piscina exterior de 25 m de Ch\u00e2tel-Guyon<\/strong>, Un entorno agradable y poco concurrido.<\/p>\n<div class=\"is-divider divider clearfix\" style=\"margin-top:5px;margin-bottom:5px;max-width:100%;height:2px;background-color:rgb(111, 166, 212);\"><\/div>\n\n\t<div id=\"gap-460143663\" class=\"gap-element clearfix\" style=\"display:block; height:auto;\">\n\t\t\n<style>\n#gap-460143663 {\n  padding-top: 10px;\n}\n<\/style>\n\t<\/div>\n\t\n\n<p>\u00a0<\/p>\n<ul>\n<li class=\"bullet-checkmark\">Mejore su <strong>arrastrarse<\/strong>, en relaci\u00f3n con la nataci\u00f3n en aguas abiertas<\/li>\n<li class=\"bullet-checkmark\">Desarrolle su\u00a0<strong>condici\u00f3n f\u00edsica<\/strong>\u00a0en un ambiente cordial<\/li>\n<li class=\"bullet-checkmark\">Adquirir puntos de referencia sencillos y eficaces para un progreso sostenible<\/li>\n<li class=\"bullet-checkmark\">\n<p>\ud83c\udf81\u00a0<strong>Incluido en su inscripci\u00f3n<\/strong>\u00a0:<\/p>\n<ul>\n<li>1 gorro de ba\u00f1o de silicona reciclada<\/li>\n<li>1 camiseta del club<\/li>\n<\/ul>\n<\/li>\n<\/ul>\n<div class=\"is-divider divider clearfix\" style=\"margin-top:5px;margin-bottom:5px;max-width:100%;height:2px;background-color:rgb(111, 166, 212);\"><\/div>\n\n<p><span style=\"font-size: 17px;\"><span style=\"font-size: 24px;\">Precio :<\/span><span style=\"font-size: 30px;\"> 75<strong>\u00a0\u20ac<\/strong><\/span><\/span><\/p>\n<a href=\"https:\/\/nagelibrestage.fr\/es\/producto\/stage-matin-enfants\/\" target=\"_self\" class=\"button primary expand\"  style=\"border-radius:99px;\">\n    <span>I RESERVA<\/span>\n  <\/a>\n\n\n\n\t\t<\/div>\n\t\t\t<\/div>\n\n\t\n\n\t<div id=\"col-499201798\" class=\"col medium-8 small-12 large-4\"  >\n\t\t<div class=\"col-inner text-left\"  >\n\t\t\t\n\t\t\t\n\n<h2><strong>Curso nocturno <\/strong><\/h2>\n<p><span style=\"font-size: 18px;\"><strong>\u00a05 sesiones en 5 d\u00edas<\/strong><\/span><\/p>\n<p>\ud83d\udd56 19.00 h - 20.00 h<\/p>\n<p>En <strong>las sesiones tienen lugar en la piscina exterior de 25 m de Ch\u00e2tel-Guyon<\/strong>, Un entorno agradable y poco concurrido.<\/p>\n<div class=\"is-divider divider clearfix\" style=\"margin-top:5px;margin-bottom:5px;max-width:100%;height:2px;background-color:rgb(111, 166, 212);\"><\/div>\n\n\t<div id=\"gap-828610457\" class=\"gap-element clearfix\" style=\"display:block; height:auto;\">\n\t\t\n<style>\n#gap-828610457 {\n  padding-top: 10px;\n}\n<\/style>\n\t<\/div>\n\t\n\n<p>\u00a0<\/p>\n<ul>\n<li class=\"bullet-checkmark\">Mejore su <strong>arrastrarse<\/strong>, en relaci\u00f3n con la nataci\u00f3n en aguas abiertas<\/li>\n<li class=\"bullet-checkmark\">Desarrolle su\u00a0<strong>condici\u00f3n f\u00edsica<\/strong>\u00a0en un ambiente cordial<\/li>\n<li class=\"bullet-checkmark\">Adquirir puntos de referencia sencillos y eficaces para un progreso sostenible<\/li>\n<li class=\"bullet-checkmark\">\n<p>\ud83c\udf81\u00a0<strong>Incluido en su inscripci\u00f3n<\/strong>\u00a0:<\/p>\n<ul>\n<li>1 gorro de ba\u00f1o de silicona reciclada<\/li>\n<li>1 camiseta del club<\/li>\n<\/ul>\n<\/li>\n<\/ul>\n<div class=\"is-divider divider clearfix\" style=\"margin-top:5px;margin-bottom:5px;max-width:100%;height:2px;background-color:rgb(111, 166, 212);\"><\/div>\n\n<p><span style=\"font-size: 17px;\"><span style=\"font-size: 24px;\">Precio :<\/span><span style=\"font-size: 30px;\"> 75<strong>\u00a0\u20ac<\/strong><\/span><\/span><\/p>\n<a href=\"https:\/\/nagelibrestage.fr\/es\/producto\/stage-soir-enfants\/\" target=\"_self\" class=\"button primary expand\"  style=\"border-radius:99px;\">\n    <span>I RESERVA<\/span>\n  <\/a>\n\n\n\n\t\t<\/div>\n\t\t\t<\/div>\n\n\t\n\n\t<div id=\"col-284895309\" class=\"col medium-8 small-12 large-4\"  >\n\t\t<div class=\"col-inner text-left\"  >\n\t\t\t\n\t\t\t\n\n<h2><strong>Curso intensivo<\/strong><\/h2>\n<p><span style=\"font-size: 18px;\"><strong>10 sesiones en 5 d\u00edas<\/strong><\/span><\/p>\n<p>\ud83d\udd58 9 h - 10 h , 19 h - 20 h (tarde)<\/p>\n<p>En\u00a0<strong>las sesiones tienen lugar en la piscina exterior de 25 m de Ch\u00e2tel-Guyon<\/strong>, Un entorno agradable y poco concurrido.<\/p>\n<div class=\"is-divider divider clearfix\" style=\"margin-top:5px;margin-bottom:5px;max-width:100%;height:2px;background-color:rgb(111, 166, 212);\"><\/div>\n\n\t<div id=\"gap-1406911429\" class=\"gap-element clearfix\" style=\"display:block; height:auto;\">\n\t\t\n<style>\n#gap-1406911429 {\n  padding-top: 10px;\n}\n<\/style>\n\t<\/div>\n\t\n\n<p>\u00a0<\/p>\n<ul>\n<li class=\"bullet-checkmark\">Mejore su <strong>arrastrarse<\/strong>, en relaci\u00f3n con la nataci\u00f3n en aguas abiertas<\/li>\n<li class=\"bullet-checkmark\">Desarrolle su\u00a0<strong>condici\u00f3n f\u00edsica<\/strong>\u00a0en un ambiente cordial<\/li>\n<li class=\"bullet-checkmark\">Adquirir puntos de referencia sencillos y eficaces para un progreso sostenible<\/li>\n<li class=\"bullet-checkmark\">\n<p>\ud83c\udf81\u00a0<strong>Incluido en su inscripci\u00f3n<\/strong>\u00a0:<\/p>\n<ul>\n<li>1 gorro de ba\u00f1o de silicona reciclada<\/li>\n<li>1 camiseta del club<\/li>\n<\/ul>\n<\/li>\n<\/ul>\n<div class=\"is-divider divider clearfix\" style=\"margin-top:5px;margin-bottom:5px;max-width:100%;height:2px;background-color:rgb(111, 166, 212);\"><\/div>\n\n<p><span style=\"font-size: 17px;\"><span style=\"font-size: 24px;\">Precio :<\/span><span style=\"font-size: 30px;\">\u00a0<strong>150 \u20ac<\/strong><\/span><\/span><\/p>\n<a href=\"https:\/\/nagelibrestage.fr\/es\/producto\/stage-intensif\/\" target=\"_self\" class=\"button primary expand\"  style=\"border-radius:99px;\">\n    <span>I RESERVA<\/span>\n  <\/a>\n\n\n\n\t\t<\/div>\n\t\t\t<\/div>\n\n\t\n\n\n<style>\n#row-1656620714 > .col > .col-inner {\n  padding: 30px 30px 30px 30px;\n  background-color: rgb(255,255,255);\n}\n<\/style>\n<\/div>\n\n\t\t<\/div>\n\n\t\t\n<style>\n#section_1146974682 {\n  padding-top: 60px;\n  padding-bottom: 60px;\n  background-color: rgb(245, 247, 251);\n}\n<\/style>\n\t<\/section>\n\t\n<p>\u00a0<\/p>\n<p>\u00a0<\/p>\n<h3 style=\"text-align: center;\">\ud83d\udca1 Un enfoque pedag\u00f3gico diferente y centrado en el ni\u00f1o<\/h3>\n<p style=\"text-align: center;\">En\u00a0<strong>NATACI\u00d3N LIBRE<\/strong>, el aprendizaje tiene lugar\u00a0<strong>sin equipo de flotaci\u00f3n<\/strong>. Los ni\u00f1os descubren\u00a0<strong>ellos mismos<\/strong>, experimentar, explorar y aprender\u00a0<strong>de forma l\u00f3gica y progresiva<\/strong>.<\/p>\n<p style=\"text-align: center;\">\ud83d\udd39 Un enfoque suave y tranquilizador.<br \/>\ud83d\udd39 Desarrollo de habilidades motoras acu\u00e1ticas naturales.<br \/>\ud83d\udd39 Bases s\u00f3lidas para a\u00f1os de nataci\u00f3n serena<br \/>\ud83d\udd39 Aprendizaje centrado en\u00a0<strong>seguridad, autonom\u00eda y confianza<\/strong><\/p>\n<h3 style=\"text-align: center;\"><span style=\"color: #282828;\">\ud83d\udc65 Entrenadores<\/span><\/h3>\n<p style=\"text-align: center;\">El curso est\u00e1 supervisado por los mismos profesionales que los cursos para adultos:<\/p>\n<ul>\n<li style=\"text-align: center;\"><strong>Vincent Argillier<\/strong>, fundador de NAGE LIBRE FRANCE, antiguo entrenador nacional de nataci\u00f3n y triatl\u00f3n y experto en ense\u00f1anza individualizada.<\/li>\n<li style=\"text-align: center;\"><strong>Julien Soulagnat<\/strong>, Tiene pasi\u00f3n y experiencia en el trabajo con j\u00f3venes nadadores.<\/li>\n<\/ul>","protected":false},"excerpt":{"rendered":"","protected":false},"author":1,"featured_media":0,"parent":0,"menu_order":0,"comment_status":"closed","ping_status":"closed","template":"","meta":{"footnotes":""},"class_list":["post-7576","page","type-page","status-publish","hentry"],"jetpack_sharing_enabled":true,"_links":{"self":[{"href":"https:\/\/nagelibrestage.fr\/es\/wp-json\/wp\/v2\/pages\/7576","targetHints":{"allow":["GET"]}}],"collection":[{"href":"https:\/\/nagelibrestage.fr\/es\/wp-json\/wp\/v2\/pages"}],"about":[{"href":"https:\/\/nagelibrestage.fr\/es\/wp-json\/wp\/v2\/types\/page"}],"author":[{"embeddable":true,"href":"https:\/\/nagelibrestage.fr\/es\/wp-json\/wp\/v2\/users\/1"}],"replies":[{"embeddable":true,"href":"https:\/\/nagelibrestage.fr\/es\/wp-json\/wp\/v2\/comments?post=7576"}],"version-history":[{"count":29,"href":"https:\/\/nagelibrestage.fr\/es\/wp-json\/wp\/v2\/pages\/7576\/revisions"}],"predecessor-version":[{"id":7631,"href":"https:\/\/nagelibrestage.fr\/es\/wp-json\/wp\/v2\/pages\/7576\/revisions\/7631"}],"wp:attachment":[{"href":"https:\/\/nagelibrestage.fr\/es\/wp-json\/wp\/v2\/media?parent=7576"}],"curies":[{"name":"wp","href":"https:\/\/api.w.org\/{rel}","templated":true}]}}