{"id":719,"date":"2021-06-21T16:45:12","date_gmt":"2021-06-21T14:45:12","guid":{"rendered":"http:\/\/woocommerce.snl-france.com\/?page_id=719"},"modified":"2022-02-03T10:49:17","modified_gmt":"2022-02-03T09:49:17","slug":"faq","status":"publish","type":"page","link":"https:\/\/nagelibrestage.fr\/es\/faq\/","title":{"rendered":"PREGUNTAS FRECUENTES"},"content":{"rendered":"<p><a href=\"http:\/\/woocommerce.snl-france.com\/\"><br \/><img loading=\"lazy\" decoding=\"async\" src=\"http:\/\/woocommerce.snl-france.com\/wp-content\/uploads\/2021\/06\/NOIR.001-1024x1024.png\" sizes=\"auto, (max-width: 1024px) 100vw, 1024px\" srcset=\"http:\/\/woocommerce.snl-france.com\/wp-content\/uploads\/2021\/06\/NOIR.001-1024x1024.png 1024w, http:\/\/woocommerce.snl-france.com\/wp-content\/uploads\/2021\/06\/NOIR.001-300x300.png 300w, http:\/\/woocommerce.snl-france.com\/wp-content\/uploads\/2021\/06\/NOIR.001-150x150.png 150w, http:\/\/woocommerce.snl-france.com\/wp-content\/uploads\/2021\/06\/NOIR.001-768x768.png 768w, http:\/\/woocommerce.snl-france.com\/wp-content\/uploads\/2021\/06\/NOIR.001.png 1080w, http:\/\/woocommerce.snl-france.com\/wp-content\/uploads\/2021\/06\/NOIR.001-510x510.png 510w, http:\/\/woocommerce.snl-france.com\/wp-content\/uploads\/2021\/06\/NOIR.001-100x100.png 100w\" alt=\"\" width=\"1024\" height=\"1024\" \/><\/a><br \/><a href=\"http:\/\/woocommerce.snl-france.com\/mon-compte\/\"><br \/><\/a><br \/><img loading=\"lazy\" decoding=\"async\" src=\"http:\/\/woocommerce.snl-france.com\/wp-content\/uploads\/2021\/06\/NOIR.001-1024x1024.png\" sizes=\"auto, (max-width: 1024px) 100vw, 1024px\" srcset=\"http:\/\/woocommerce.snl-france.com\/wp-content\/uploads\/2021\/06\/NOIR.001-1024x1024.png 1024w, http:\/\/woocommerce.snl-france.com\/wp-content\/uploads\/2021\/06\/NOIR.001-300x300.png 300w, http:\/\/woocommerce.snl-france.com\/wp-content\/uploads\/2021\/06\/NOIR.001-150x150.png 150w, http:\/\/woocommerce.snl-france.com\/wp-content\/uploads\/2021\/06\/NOIR.001-768x768.png 768w, http:\/\/woocommerce.snl-france.com\/wp-content\/uploads\/2021\/06\/NOIR.001.png 1080w, http:\/\/woocommerce.snl-france.com\/wp-content\/uploads\/2021\/06\/NOIR.001-510x510.png 510w, http:\/\/woocommerce.snl-france.com\/wp-content\/uploads\/2021\/06\/NOIR.001-100x100.png 100w\" alt=\"\" width=\"1024\" height=\"1024\" \/><br \/><span style=\"font-family: arial, helvetica, sans-serif;\"><a>\u00bfCu\u00e1les son los gastos de transporte habituales?<\/a><\/span><\/p>\n<p><span style=\"font-family: arial, helvetica, sans-serif;\">Utilizamos muchos transportistas diferentes, pero siempre intentamos encontrar el m\u00e1s barato que cumpla sus requisitos.<\/span><br \/><span style=\"font-family: arial, helvetica, sans-serif;\">Antes de validar su cesta, elegir\u00e1 el medio de transporte m\u00e1s cercano y conveniente para usted.\u00a0<\/span><\/p>\n<p><span style=\"font-family: arial, helvetica, sans-serif;\"><a>\u00bfQu\u00e9 formas de pago existen?<\/a><\/span><\/p>\n<p><span style=\"font-family: arial, helvetica, sans-serif;\">S\u00f3lo aceptamos pagos con tarjeta de cr\u00e9dito en el sitio de pedidos a distancia. Sin embargo, en determinados casos, podemos aceptar pedidos por transferencia bancaria para destinos lejanos que requieran un tratamiento especial del env\u00edo (por v\u00eda a\u00e9rea y con aduanas).<\/span><\/p>\n<p><span style=\"font-family: arial, helvetica, sans-serif;\"><a>\u00bfCu\u00e1nto tardar\u00e1 el env\u00edo?<\/a><\/span><\/p>\n<p><span style=\"font-family: arial, helvetica, sans-serif;\">En general, en Francia metropolitana, si el pedido se realiza y valida antes de las 13.00 horas, podemos entregarlo en un plazo m\u00e1ximo de 3 d\u00edas laborables.<\/span><\/p>\n<p><span style=\"font-family: arial, helvetica, sans-serif;\"><a>\u00bfQu\u00e9 garant\u00eda de protecci\u00f3n de pagos tiene?<\/a><\/span><\/p>\n<p><span style=\"font-family: arial, helvetica, sans-serif;\">Trabajamos directamente con los servicios bancarios m\u00e1s reputados de Europa, con un nivel de garant\u00eda que asegura la m\u00e1xima seguridad en todas las transacciones.<\/span><\/p>\n<p><span style=\"font-family: arial, helvetica, sans-serif;\"><a>\u00bfQu\u00e9 ocurre una vez realizado el pedido?<\/a><\/span><\/p>\n<p><span style=\"font-family: arial, helvetica, sans-serif;\">Procesamos su pedido electr\u00f3nicamente, asegur\u00e1ndonos de que los datos que nos facilita son correctos, y luego lo pasamos a nuestro departamento de log\u00edstica, que se encarga del procesamiento f\u00edsico.<\/span><br \/><span style=\"font-family: arial, helvetica, sans-serif;\">Una vez validado por nuestros servicios, ser\u00e1 enviado por nuestros servicios de entrega todos los d\u00edas (laborables) antes de las 13h.<\/span><br \/><span style=\"font-family: arial, helvetica, sans-serif;\">A continuaci\u00f3n, se le informar\u00e1 mediante seguimiento de la posici\u00f3n de su paquete.<\/span><\/p>\n<p><span style=\"font-family: arial, helvetica, sans-serif;\"><a>\u00bfRecibir\u00e9 una factura por mi pedido despu\u00e9s de la validaci\u00f3n?<\/a><\/span><\/p>\n<p><span style=\"font-family: arial, helvetica, sans-serif;\">El servidor de NageLibre.fr le facturar\u00e1 inmediatamente una vez validada su inscripci\u00f3n. Esta factura se enviar\u00e1 a su direcci\u00f3n de correo electr\u00f3nico.<\/span><br \/><span style=\"font-family: arial, helvetica, sans-serif;\">Se conserva un registro de esta factura en el sitio durante un a\u00f1o.<\/span><\/p>\n<h2><span style=\"font-family: arial, helvetica, sans-serif;\">P\u00f3ngase en contacto con<\/span><\/h2>\n<h2><span style=\"font-family: arial, helvetica, sans-serif;\">NAGE LIBRE SARL<\/span><br \/><span style=\"font-family: arial, helvetica, sans-serif;\">63140 Ch\u00e2tel-Guyon<\/span><br \/><span style=\"font-family: arial, helvetica, sans-serif;\">Auvernia-R\u00f3dano-Alpes<\/span><br \/><span style=\"font-family: arial, helvetica, sans-serif;\">Correo electr\u00f3nico : contact@nagelibre.fr<\/span><br \/><span style=\"font-family: arial, helvetica, sans-serif;\">Tel\u00e9fono: 06 74 35 35 95<\/span><\/h2>\n<h2><span style=\"font-family: arial, helvetica, sans-serif;\">Servicios<\/span><\/h2>\n<ul>\n<li><span style=\"font-family: arial, helvetica, sans-serif;\"><a href=\"http:\/\/woocommerce.snl-france.com\/faq\/\">PREGUNTAS FRECUENTES<br \/><\/a><\/span><\/li>\n<li><span style=\"font-family: arial, helvetica, sans-serif;\"><a href=\"http:\/\/woocommerce.snl-france.com\/qualite-garanties\/\">Calidad y garant\u00edas<br \/><\/a><\/span><\/li>\n<li><span style=\"font-family: arial, helvetica, sans-serif;\"><a href=\"http:\/\/woocommerce.snl-france.com\/le-service-de-livraison\/\">Entrega y devoluciones<br \/><\/a><\/span><\/li>\n<li><span style=\"font-family: arial, helvetica, sans-serif;\"><a href=\"http:\/\/woocommerce.snl-france.com\/conditions-generales-de-vente-aux-particuliers\/\">Condiciones generales de venta a particulares<br \/><\/a><\/span><\/li>\n<li><span style=\"font-family: arial, helvetica, sans-serif;\"><a href=\"http:\/\/woocommerce.snl-france.com\/mentions-legales\/\">Informaci\u00f3n jur\u00eddica<br \/><\/a><\/span><\/li>\n<\/ul>\n<h2><span style=\"font-family: arial, helvetica, sans-serif;\">Informaci\u00f3n sobre la tienda<\/span><\/h2>\n<h2><span style=\"font-family: arial, helvetica, sans-serif;\">Direcci\u00f3n de la tienda para la recogida<\/span><br \/><br \/><span style=\"font-family: arial, helvetica, sans-serif;\">9 rue du docteur Levadoux<\/span><br \/><br \/><span style=\"font-family: arial, helvetica, sans-serif;\">63140 Chatel Guyon<\/span><br \/><br \/><br \/><br \/><br \/><\/h2>\n<p>@copyright NATACI\u00d3N LIBRE<\/p>","protected":false},"excerpt":{"rendered":"","protected":false},"author":1,"featured_media":0,"parent":0,"menu_order":0,"comment_status":"closed","ping_status":"closed","template":"","meta":{"footnotes":""},"class_list":["post-719","page","type-page","status-publish","hentry"],"jetpack_sharing_enabled":true,"_links":{"self":[{"href":"https:\/\/nagelibrestage.fr\/es\/wp-json\/wp\/v2\/pages\/719","targetHints":{"allow":["GET"]}}],"collection":[{"href":"https:\/\/nagelibrestage.fr\/es\/wp-json\/wp\/v2\/pages"}],"about":[{"href":"https:\/\/nagelibrestage.fr\/es\/wp-json\/wp\/v2\/types\/page"}],"author":[{"embeddable":true,"href":"https:\/\/nagelibrestage.fr\/es\/wp-json\/wp\/v2\/users\/1"}],"replies":[{"embeddable":true,"href":"https:\/\/nagelibrestage.fr\/es\/wp-json\/wp\/v2\/comments?post=719"}],"version-history":[{"count":0,"href":"https:\/\/nagelibrestage.fr\/es\/wp-json\/wp\/v2\/pages\/719\/revisions"}],"wp:attachment":[{"href":"https:\/\/nagelibrestage.fr\/es\/wp-json\/wp\/v2\/media?parent=719"}],"curies":[{"name":"wp","href":"https:\/\/api.w.org\/{rel}","templated":true}]}}