{"id":7604,"date":"2025-06-24T11:03:28","date_gmt":"2025-06-24T09:03:28","guid":{"rendered":"https:\/\/nagelibrestage.fr\/?post_type=product&#038;p=7604"},"modified":"2025-06-25T14:12:49","modified_gmt":"2025-06-25T12:12:49","slug":"stage-soir-enfants","status":"publish","type":"product","link":"https:\/\/nagelibrestage.fr\/en\/product\/stage-soir-enfants\/","title":{"rendered":"Children's evening course"},"content":{"rendered":"","protected":false},"excerpt":{"rendered":"<p><strong>Evening course - 5 sessions in 5 days<\/strong><br \/>\n\ud83d\udd56 7:00 pm - 8:00 pm<\/p>","protected":false},"featured_media":7600,"template":"","meta":[],"product_brand":[],"product_cat":[80],"product_tag":[],"class_list":{"0":"post-7604","1":"product","2":"type-product","3":"status-publish","4":"has-post-thumbnail","6":"product_cat-bundle","8":"first","9":"instock","10":"purchasable","11":"product-type-simple"},"composite_virtual":false,"composite_layout":"","composite_add_to_cart_form_location":"","composite_editable_in_cart":false,"composite_sold_individually_context":"","composite_shop_price_calc":"","composite_components":[],"composite_scenarios":[],"bundle_layout":"","bundle_add_to_cart_form_location":"","bundle_editable_in_cart":false,"bundle_sold_individually_context":"","bundle_item_grouping":"","bundle_min_size":"","bundle_max_size":"","bundled_by":[],"bundled_items":[],"exclude_global_add_ons":false,"addons":[{"name":"Date stage","type":"multiple_choice","position":0,"required":false,"title_format":"label","default":"","description_enable":false,"description":"","placeholder_enable":false,"placeholder":"","display":"select","restrictions_type":"any_text","adjust_price":false,"price":"","price_type":"flat_fee","restrictions":false,"min":"0","max":"0","options":[{"label":"du 7 juillet au 11 juillet","price":"","price_type":"flat_fee","image":0,"visibility":true},{"label":"du 14 juillet au 18 juillet","price":"","price_type":"flat_fee","image":0,"visibility":true},{"label":"du 21 juillet au 25 juillet","price":"","price_type":"flat_fee","image":0,"visibility":true},{"label":"du 04 ao\u00fbt au 08 Ao\u00fbt","price":"","price_type":"flat_fee","image":0,"visibility":true},{"label":"du 28 juillet au 01 Ao\u00fbt","price":"","price_type":"flat_fee","image":0,"visibility":true},{"label":"du 28 Ao\u00fbt au 1er Septembre","price":"","price_type":"flat_fee","image":0,"visibility":true}]},{"name":"Club Nage Libre membership","type":"multiple_choice","position":1,"required":false,"title_format":"label","default":"","description_enable":false,"description":"","placeholder_enable":false,"placeholder":"","display":"select","restrictions_type":"any_text","adjust_price":false,"price":"","price_type":"flat_fee","restrictions":false,"min":"0","max":"0","options":[{"label":"Adh\u00e9sion au Club Nage Libre","price":"50","price_type":"flat_fee","image":0,"visibility":true}]}],"jetpack_sharing_enabled":true,"_links":{"self":[{"href":"https:\/\/nagelibrestage.fr\/en\/wp-json\/wp\/v2\/product\/7604","targetHints":{"allow":["GET"]}}],"collection":[{"href":"https:\/\/nagelibrestage.fr\/en\/wp-json\/wp\/v2\/product"}],"about":[{"href":"https:\/\/nagelibrestage.fr\/en\/wp-json\/wp\/v2\/types\/product"}],"wp:featuredmedia":[{"embeddable":true,"href":"https:\/\/nagelibrestage.fr\/en\/wp-json\/wp\/v2\/media\/7600"}],"wp:attachment":[{"href":"https:\/\/nagelibrestage.fr\/en\/wp-json\/wp\/v2\/media?parent=7604"}],"wp:term":[{"taxonomy":"product_brand","embeddable":true,"href":"https:\/\/nagelibrestage.fr\/en\/wp-json\/wp\/v2\/product_brand?post=7604"},{"taxonomy":"product_cat","embeddable":true,"href":"https:\/\/nagelibrestage.fr\/en\/wp-json\/wp\/v2\/product_cat?post=7604"},{"taxonomy":"product_tag","embeddable":true,"href":"https:\/\/nagelibrestage.fr\/en\/wp-json\/wp\/v2\/product_tag?post=7604"}],"curies":[{"name":"wp","href":"https:\/\/api.w.org\/{rel}","templated":true}]}}