{"id":7576,"date":"2025-06-24T09:38:12","date_gmt":"2025-06-24T07:38:12","guid":{"rendered":"https:\/\/nagelibrestage.fr\/?page_id=7576"},"modified":"2025-06-25T09:55:53","modified_gmt":"2025-06-25T07:55:53","slug":"stage-de-perfectionnement-natation-nage-libre-stage","status":"publish","type":"page","link":"https:\/\/nagelibrestage.fr\/de\/stage-de-perfectionnement-natation-nage-libre-stage\/","title":{"rendered":"Fortbildungslehrgang Schwimmen - NAGE LIBRE STAGE"},"content":{"rendered":"<section class=\"section\" id=\"section_221295846\">\n\t\t<div class=\"bg section-bg fill bg-fill\" >\n\n\t\t\t\n\t\t\t\n\t\t\t\n\n\t\t<\/div>\n\n\t\t<div class=\"section-content relative\">\n\t\t\t\n\n<div class=\"row align-center\"  id=\"row-1658874109\">\n\n\n\t<div id=\"col-201006534\" class=\"col medium-8 small-12 large-8\"  >\n\t\t<div class=\"col-inner text-center\"  >\n\t\t\t\n\t\t\t\n\n\n\t\t<\/div>\n\t\t\t<\/div>\n\n\t\n\n<\/div>\n\t<div id=\"gap-764146190\" class=\"gap-element clearfix\" style=\"display:block; height:auto;\">\n\t\t\n<style>\n#gap-764146190 {\n  padding-top: 100px;\n}\n<\/style>\n\t<\/div>\n\t\n\n\n\t\t<\/div>\n\n\t\t\n<style>\n#section_221295846 {\n  padding-top: 120px;\n  padding-bottom: 120px;\n  background-color: rgb(255,255,255);\n}\n#section_221295846 .section-bg.bg-loaded {\n  background-image: url(https:\/\/nagelibrestage.fr\/wp-content\/uploads\/2025\/06\/WhatsApp-Image-2025-06-24-a-10.09.48_2c11e2db.jpg);\n}\n#section_221295846 .section-bg {\n  background-position: 32% 51%;\n}\n<\/style>\n\t<\/section>\n\t\n\t<section class=\"section\" id=\"section_1815422447\">\n\t\t<div class=\"bg section-bg fill bg-fill  bg-loaded\" >\n\n\t\t\t\n\t\t\t\n\t\t\t\n\n\t\t<\/div>\n\n\t\t<div class=\"section-content relative\">\n\t\t\t\n\n\t<div id=\"gap-1096899208\" class=\"gap-element clearfix\" style=\"display:block; height:auto;\">\n\t\t\n<style>\n#gap-1096899208 {\n  padding-top: 30px;\n}\n<\/style>\n\t<\/div>\n\t\n\n<div class=\"row align-middle\"  id=\"row-1976021468\">\n\n\n\t<div id=\"col-1115165814\" class=\"col medium-12 small-12 large-6\"  >\n\t\t<div class=\"col-inner\"  >\n\t\t\t\n\t\t\t\n\n\n  <div class=\"banner has-hover\" id=\"banner-1491848143\">\n          <div class=\"banner-inner fill\">\n        <div class=\"banner-bg fill\" >\n            <div class=\"bg fill bg-fill\"><\/div>\n                                    \n                    <\/div>\n        <div class=\"banner-layers container\">\n            <div class=\"fill banner-link\"><\/div>            \n\n   <div id=\"text-box-1078880138\" class=\"text-box banner-layer x50 md-x50 lg-x50 y50 md-y50 lg-y50 res-text\">\n                                <div class=\"text-box-content text dark\">\n              \n              <div class=\"text-inner text-center\">\n                  \n\n\n              <\/div>\n           <\/div>\n                            \n<style>\n#text-box-1078880138 {\n  width: 60%;\n}\n#text-box-1078880138 .text-box-content {\n  font-size: 100%;\n}\n<\/style>\n    <\/div>\n \n\n        <\/div>\n      <\/div>\n\n            \n<style>\n#banner-1491848143 {\n  padding-top: 99.99%;\n  background-color: rgb(255, 255, 255);\n}\n#banner-1491848143 .bg.bg-loaded {\n  background-image: url(https:\/\/nagelibrestage.fr\/wp-content\/uploads\/2025\/06\/WhatsApp-Image-2025-06-24-a-10.08.18_71fc305d-768x1024.jpg);\n}\n#banner-1491848143 .bg {\n  background-position: 18% 88%;\n}\n@media (min-width:550px) {\n  #banner-1491848143 {\n    padding-top: 75%;\n  }\n}\n@media (min-width:850px) {\n  #banner-1491848143 {\n    padding-top: 99.99%;\n  }\n}\n<\/style>\n  <\/div>\n\n\n\n\t\t<\/div>\n\t\t\t<\/div>\n\n\t\n\n\t<div id=\"col-1607855796\" class=\"col medium-12 small-12 large-6\"  >\n\t\t<div class=\"col-inner\"  >\n\t\t\t\n\t\t\t\n\n\t<div id=\"gap-870596396\" class=\"gap-element clearfix\" style=\"display:block; height:auto;\">\n\t\t\n<style>\n#gap-870596396 {\n  padding-top: 10px;\n}\n@media (min-width:850px) {\n  #gap-870596396 {\n    padding-top: 30px;\n  }\n}\n<\/style>\n\t<\/div>\n\t\n\n\t<div id=\"text-1986343862\" class=\"text\">\n\t\t\n\n<h2><strong>Der Rahmen: Ch\u00e2tel-Guyon, ein Kurort im Herzen der Auvergne<\/strong><\/h2>\n\t\t\n<style>\n#text-1986343862 {\n  font-size: 1.5rem;\n}\n<\/style>\n\t<\/div>\n\t\n<p>Gelegen in nur\u00a0<strong>15 Minuten n\u00f6rdlich von Clermont-Ferrand<\/strong>,\u00a0<strong>Ch\u00e2tel-Guyon<\/strong>\u00a0ist ein charmanter Kurort, der zwischen Natur, Kulturerbe und Wellness eingebettet ist. Die Stadt, die f\u00fcr ihr Thermalwasser und ihre friedliche Atmosph\u00e4re bekannt ist, bietet einen idealen Rahmen, um sich auf sich selbst zu besinnen und in einer nat\u00fcrlichen Umgebung Fortschritte zu machen. Im Sommer ist hier viel los und Sie k\u00f6nnen durch die Parks schlendern und Konzerte, das Casino, das Theater oder die zahlreichen Restaurants genie\u00dfen, darunter das neue Sterne-Restaurant der Stadt: das Impulsif.<\/p>\n<p>In unmittelbarer N\u00e4he befindet sich ein seltenes vulkanisches Wunder: der\u00a0<strong>Gour de Tazenat<\/strong>, Ein kreisrunder See, der durch eine alte phreatomagmatische Explosion entstanden ist. An diesem magischen Ort werden 1 bis 2\u00a0<strong>Freiwassersitzungen<\/strong>, Je nach Wetterbedingungen.<\/p>\n\n\t\t<\/div>\n\t\t\n<style>\n#col-1607855796 > .col-inner {\n  padding: 0px 0px 0px 0;\n}\n@media (min-width:850px) {\n  #col-1607855796 > .col-inner {\n    padding: 0px 0px 0px 10%;\n  }\n}\n<\/style>\n\t<\/div>\n\n\t\n\n<\/div>\n\n\t\t<\/div>\n\n\t\t\n<style>\n#section_1815422447 {\n  padding-top: 40px;\n  padding-bottom: 40px;\n}\n@media (min-width:850px) {\n  #section_1815422447 {\n    padding-top: 70px;\n    padding-bottom: 70px;\n  }\n}\n<\/style>\n\t<\/section>\n\t\n\t<section class=\"section\" id=\"section_206768888\">\n\t\t<div class=\"bg section-bg fill bg-fill  bg-loaded\" >\n\n\t\t\t\n\t\t\t\n\t\t\t\n\n\t\t<\/div>\n\n\t\t<div class=\"section-content relative\">\n\t\t\t\n\n<div class=\"row\"  id=\"row-1089739150\">\n\n\n\t<div id=\"col-389865404\" class=\"col small-12 large-12\"  >\n\t\t<div class=\"col-inner text-center\"  >\n\t\t\t\n\t\t\t\n\n<h2><span style=\"color: #000080;\"><strong>F\u00fcr erwachsene und jugendliche Schwimmer <\/strong><\/span><\/h2>\n<h2><span style=\"color: #000080;\"><strong>(15 Jahre und \u00e4lter)<\/strong><\/span><\/h2>\n\n\t\t<\/div>\n\t\t\t<\/div>\n\n\t\n\n<\/div>\n<div class=\"row align-equal align-center\"  id=\"row-1425173508\">\n\n\n\t<div id=\"col-1097950961\" class=\"col medium-8 small-12 large-4\"  >\n\t\t<div class=\"col-inner text-left\"  >\n\t\t\t\n\t\t\t\n\n<h2><strong>Praktikum f\u00fcr Fortgeschrittene <\/strong><\/h2>\n<p><span style=\"font-size: 18px;\"><strong>10 Sitzungen in 5 Tagen<\/strong><\/span><\/p>\n<p>\ud83d\udd58 9.00 - 10.00 Uhr , 19.00 - 20.00 Uhr (abends)<\/p>\n<p>Die\u00a0<strong>Sitzungen finden im 25m langen Freibad in Ch\u00e2tel-Guyon statt.<\/strong>, In einer angenehmen und wenig besuchten Umgebung.<\/p>\n<hr \/>\n<ul>\n<li class=\"bullet-checkmark\">Verbessern Sie Ihre Technik von <strong>crawl<\/strong>, Die Sch\u00fclerinnen und Sch\u00fcler m\u00fcssen sich mit dem Thema Freiwasserschwimmen auseinandersetzen.<\/li>\n<li class=\"bullet-checkmark\">Entwickeln Sie Ihr\u00a0<strong>k\u00f6rperliche Verfassung<\/strong>\u00a0in einer wohlwollenden Atmosph\u00e4re<\/li>\n<li class=\"bullet-checkmark\">Sich einfache und wirksame Anhaltspunkte f\u00fcr nachhaltige Fortschritte aneignen<\/li>\n<li class=\"bullet-checkmark\">\n<p>\ud83c\udf81\u00a0<strong>In Ihrer Anmeldung enthalten<\/strong>\u00a0:<\/p>\n<ul>\n<li>1 Badekappe aus recyceltem Silikon<\/li>\n<li>1 Club-T-Shirt<\/li>\n<\/ul>\n<\/li>\n<\/ul>\n<p><span style=\"font-size: 17px;\"><span style=\"font-size: 24px;\">Tarif:<\/span><span style=\"font-size: 30px;\"> 250<strong>\u00a0\u20ac<\/strong><\/span><\/span><\/p>\n<a href=\"https:\/\/nagelibrestage.fr\/de\/produkt\/stage-de-perfectionnement-natation\/\" target=\"_self\" class=\"button primary expand\"  style=\"border-radius:99px;\">\n    <span>ICH RESERVIERE<\/span>\n  <\/a>\n\n\n\t<div id=\"gap-714950190\" class=\"gap-element clearfix\" style=\"display:block; height:auto;\">\n\t\t\n<style>\n#gap-714950190 {\n  padding-top: 10px;\n}\n<\/style>\n\t<\/div>\n\t\n\n\n\t\t<\/div>\n\t\t\t<\/div>\n\n\t\n\n\n<style>\n#row-1425173508 > .col > .col-inner {\n  padding: 30px 30px 30px 30px;\n  background-color: rgb(255,255,255);\n}\n<\/style>\n<\/div>\n\n\t\t<\/div>\n\n\t\t\n<style>\n#section_206768888 {\n  padding-top: 60px;\n  padding-bottom: 60px;\n  background-color: rgb(245, 247, 251);\n}\n<\/style>\n\t<\/section>\n\t\n\t<section class=\"section\" id=\"section_318811957\">\n\t\t<div class=\"bg section-bg fill bg-fill  bg-loaded\" >\n\n\t\t\t\n\t\t\t\n\t\t\t\n\n\t\t<\/div>\n\n\t\t<div class=\"section-content relative\">\n\t\t\t\n\n<div class=\"row\"  id=\"row-2017980513\">\n\n\n\t<div id=\"col-676422939\" class=\"col small-12 large-12\"  >\n\t\t<div class=\"col-inner text-center\"  >\n\t\t\t\n\t\t\t\n\n<h2><span style=\"color: #282828;\">Schwimmkurs Kinder - NAGE LIBRE STAGE<\/span><\/h2>\n<p><span style=\"font-size: 18px;\"><strong>F\u00fcr Kinder von 5 bis 14 Jahren<\/strong><\/span><br \/><strong>In Ch\u00e2tel-Guyon (63) - Selbstbewusst schwimmen lernen<\/strong><\/p>\n<h3 style=\"text-align: center;\">\ud83c\udf1e Ein Intensivkurs, um Schwimmen zu lernen<\/h3>\n<p style=\"text-align: center;\">Entwickelt f\u00fcr\u00a0<strong>einheimische Kinder<\/strong>\u00a0oder\u00a0<strong>diejenigen, die einen erwachsenen Schwimmer begleiten<\/strong>, Dieses Praktikum bietet eine\u00a0<strong>moderner, wohlwollender und effektiver Ansatz<\/strong>\u00a0des Schwimmunterrichts.<\/p>\n<p style=\"text-align: center;\">\ud83d\udc49 In einer Woche lernen Ihre Kinder die Grundlagen des Schwimmens ohne Schwimmhilfen kennen und entwickeln dabei ihre Gewandtheit, Sicherheit und Motorik im Wasser.<\/p>\n<h3 style=\"text-align: center;\"><span style=\"font-size: 20px;\">\ud83d\uddd3\ufe0f Drei Formeln zur Auswahl<\/span><\/h3>\n<p style=\"text-align: center;\">Der Unterricht findet statt in der\u00a0<strong>Freibad in Ch\u00e2tel-Guyon<\/strong>, In einer sicheren und nat\u00fcrlichen Umgebung werden Sie von erfahrenen Fachkr\u00e4ften betreut.<\/p>\n\n\t\t<\/div>\n\t\t\t<\/div>\n\n\t\n\n<\/div>\n<div class=\"row align-equal align-center\"  id=\"row-1409342913\">\n\n\n\t<div id=\"col-525370247\" class=\"col medium-8 small-12 large-4\"  >\n\t\t<div class=\"col-inner text-left\"  >\n\t\t\t\n\t\t\t\n\n<h2><strong>Praktikum Morgen <\/strong><\/h2>\n<p><span style=\"font-size: 18px;\"><strong>5 Sitzungen in 5 Tagen<\/strong><\/span><\/p>\n<p>\ud83d\udd58 9.00 - 10.00 Uhr<\/p>\n<p>Die\u00a0<strong>Sitzungen finden im 25m langen Freibad in Ch\u00e2tel-Guyon statt.<\/strong>, In einer angenehmen und wenig besuchten Umgebung.<\/p>\n<div class=\"is-divider divider clearfix\" style=\"margin-top:5px;margin-bottom:5px;max-width:100%;height:2px;background-color:rgb(111, 166, 212);\"><\/div>\n\n\t<div id=\"gap-197606437\" class=\"gap-element clearfix\" style=\"display:block; height:auto;\">\n\t\t\n<style>\n#gap-197606437 {\n  padding-top: 10px;\n}\n<\/style>\n\t<\/div>\n\t\n\n<p>\u00a0<\/p>\n<ul>\n<li class=\"bullet-checkmark\">Verbessern Sie Ihre Technik von <strong>crawl<\/strong>, Die Sch\u00fclerinnen und Sch\u00fcler m\u00fcssen sich mit dem Thema Freiwasserschwimmen auseinandersetzen.<\/li>\n<li class=\"bullet-checkmark\">Entwickeln Sie Ihr\u00a0<strong>k\u00f6rperliche Verfassung<\/strong>\u00a0in einer wohlwollenden Atmosph\u00e4re<\/li>\n<li class=\"bullet-checkmark\">Sich einfache und wirksame Anhaltspunkte f\u00fcr nachhaltige Fortschritte aneignen<\/li>\n<li class=\"bullet-checkmark\">\n<p>\ud83c\udf81\u00a0<strong>In Ihrer Anmeldung enthalten<\/strong>\u00a0:<\/p>\n<ul>\n<li>1 Badekappe aus recyceltem Silikon<\/li>\n<li>1 Club-T-Shirt<\/li>\n<\/ul>\n<\/li>\n<\/ul>\n<div class=\"is-divider divider clearfix\" style=\"margin-top:5px;margin-bottom:5px;max-width:100%;height:2px;background-color:rgb(111, 166, 212);\"><\/div>\n\n<p><span style=\"font-size: 17px;\"><span style=\"font-size: 24px;\">Tarif:<\/span><span style=\"font-size: 30px;\"> 75<strong>\u00a0\u20ac<\/strong><\/span><\/span><\/p>\n<a href=\"https:\/\/nagelibrestage.fr\/de\/produkt\/stage-matin-enfants\/\" target=\"_self\" class=\"button primary expand\"  style=\"border-radius:99px;\">\n    <span>ICH RESERVIERE<\/span>\n  <\/a>\n\n\n\n\t\t<\/div>\n\t\t\t<\/div>\n\n\t\n\n\t<div id=\"col-216556121\" class=\"col medium-8 small-12 large-4\"  >\n\t\t<div class=\"col-inner text-left\"  >\n\t\t\t\n\t\t\t\n\n<h2><strong>Praktikum Abend <\/strong><\/h2>\n<p><span style=\"font-size: 18px;\"><strong>\u00a05 Sitzungen in 5 Tagen<\/strong><\/span><\/p>\n<p>\ud83d\udd56 19.00 - 20.00 Uhr<\/p>\n<p>Die <strong>Sitzungen finden im 25m langen Freibad in Ch\u00e2tel-Guyon statt.<\/strong>, In einer angenehmen und wenig besuchten Umgebung.<\/p>\n<div class=\"is-divider divider clearfix\" style=\"margin-top:5px;margin-bottom:5px;max-width:100%;height:2px;background-color:rgb(111, 166, 212);\"><\/div>\n\n\t<div id=\"gap-2114564130\" class=\"gap-element clearfix\" style=\"display:block; height:auto;\">\n\t\t\n<style>\n#gap-2114564130 {\n  padding-top: 10px;\n}\n<\/style>\n\t<\/div>\n\t\n\n<p>\u00a0<\/p>\n<ul>\n<li class=\"bullet-checkmark\">Verbessern Sie Ihre Technik von <strong>crawl<\/strong>, Die Sch\u00fclerinnen und Sch\u00fcler m\u00fcssen sich mit dem Thema Freiwasserschwimmen auseinandersetzen.<\/li>\n<li class=\"bullet-checkmark\">Entwickeln Sie Ihr\u00a0<strong>k\u00f6rperliche Verfassung<\/strong>\u00a0in einer wohlwollenden Atmosph\u00e4re<\/li>\n<li class=\"bullet-checkmark\">Sich einfache und wirksame Anhaltspunkte f\u00fcr nachhaltige Fortschritte aneignen<\/li>\n<li class=\"bullet-checkmark\">\n<p>\ud83c\udf81\u00a0<strong>In Ihrer Anmeldung enthalten<\/strong>\u00a0:<\/p>\n<ul>\n<li>1 Badekappe aus recyceltem Silikon<\/li>\n<li>1 Club-T-Shirt<\/li>\n<\/ul>\n<\/li>\n<\/ul>\n<div class=\"is-divider divider clearfix\" style=\"margin-top:5px;margin-bottom:5px;max-width:100%;height:2px;background-color:rgb(111, 166, 212);\"><\/div>\n\n<p><span style=\"font-size: 17px;\"><span style=\"font-size: 24px;\">Tarif:<\/span><span style=\"font-size: 30px;\"> 75<strong>\u00a0\u20ac<\/strong><\/span><\/span><\/p>\n<a href=\"https:\/\/nagelibrestage.fr\/de\/produkt\/stage-soir-enfants\/\" target=\"_self\" class=\"button primary expand\"  style=\"border-radius:99px;\">\n    <span>ICH RESERVIERE<\/span>\n  <\/a>\n\n\n\n\t\t<\/div>\n\t\t\t<\/div>\n\n\t\n\n\t<div id=\"col-854769925\" class=\"col medium-8 small-12 large-4\"  >\n\t\t<div class=\"col-inner text-left\"  >\n\t\t\t\n\t\t\t\n\n<h2><strong>Intensivpraktikum<\/strong><\/h2>\n<p><span style=\"font-size: 18px;\"><strong>10 Sitzungen in 5 Tagen<\/strong><\/span><\/p>\n<p>\ud83d\udd58 9.00 - 10.00 Uhr , 19.00 - 20.00 Uhr (abends)<\/p>\n<p>Die\u00a0<strong>Sitzungen finden im 25m langen Freibad in Ch\u00e2tel-Guyon statt.<\/strong>, In einer angenehmen und wenig besuchten Umgebung.<\/p>\n<div class=\"is-divider divider clearfix\" style=\"margin-top:5px;margin-bottom:5px;max-width:100%;height:2px;background-color:rgb(111, 166, 212);\"><\/div>\n\n\t<div id=\"gap-1881899156\" class=\"gap-element clearfix\" style=\"display:block; height:auto;\">\n\t\t\n<style>\n#gap-1881899156 {\n  padding-top: 10px;\n}\n<\/style>\n\t<\/div>\n\t\n\n<p>\u00a0<\/p>\n<ul>\n<li class=\"bullet-checkmark\">Verbessern Sie Ihre Technik von <strong>crawl<\/strong>, Die Sch\u00fclerinnen und Sch\u00fcler m\u00fcssen sich mit dem Thema Freiwasserschwimmen auseinandersetzen.<\/li>\n<li class=\"bullet-checkmark\">Entwickeln Sie Ihr\u00a0<strong>k\u00f6rperliche Verfassung<\/strong>\u00a0in einer wohlwollenden Atmosph\u00e4re<\/li>\n<li class=\"bullet-checkmark\">Sich einfache und wirksame Anhaltspunkte f\u00fcr nachhaltige Fortschritte aneignen<\/li>\n<li class=\"bullet-checkmark\">\n<p>\ud83c\udf81\u00a0<strong>In Ihrer Anmeldung enthalten<\/strong>\u00a0:<\/p>\n<ul>\n<li>1 Badekappe aus recyceltem Silikon<\/li>\n<li>1 Club-T-Shirt<\/li>\n<\/ul>\n<\/li>\n<\/ul>\n<div class=\"is-divider divider clearfix\" style=\"margin-top:5px;margin-bottom:5px;max-width:100%;height:2px;background-color:rgb(111, 166, 212);\"><\/div>\n\n<p><span style=\"font-size: 17px;\"><span style=\"font-size: 24px;\">Tarif:<\/span><span style=\"font-size: 30px;\">\u00a0<strong>150 \u20ac<\/strong><\/span><\/span><\/p>\n<a href=\"https:\/\/nagelibrestage.fr\/de\/produkt\/stage-intensif\/\" target=\"_self\" class=\"button primary expand\"  style=\"border-radius:99px;\">\n    <span>ICH RESERVIERE<\/span>\n  <\/a>\n\n\n\n\t\t<\/div>\n\t\t\t<\/div>\n\n\t\n\n\n<style>\n#row-1409342913 > .col > .col-inner {\n  padding: 30px 30px 30px 30px;\n  background-color: rgb(255,255,255);\n}\n<\/style>\n<\/div>\n\n\t\t<\/div>\n\n\t\t\n<style>\n#section_318811957 {\n  padding-top: 60px;\n  padding-bottom: 60px;\n  background-color: rgb(245, 247, 251);\n}\n<\/style>\n\t<\/section>\n\t\n<p>\u00a0<\/p>\n<p>\u00a0<\/p>\n<h3 style=\"text-align: center;\">\ud83d\udca1 Eine andere, auf das Kind ausgerichtete P\u00e4dagogik<\/h3>\n<p style=\"text-align: center;\">Bei\u00a0<strong>FREIES SCHWIMMEN<\/strong>, Das Lernen erfolgt\u00a0<strong>ohne Flotationsmaterial<\/strong>. Die Kinder entdecken\u00a0<strong>von sich selbst<\/strong>, Sie experimentieren, erforschen und lernen\u00a0<strong>auf logische und schrittweise Weise<\/strong>.<\/p>\n<p style=\"text-align: center;\">\ud83d\udd39 Ein sanfter und sicherer Ansatz<br \/>\ud83d\udd39 Entwicklung der nat\u00fcrlichen Wassermotorik<br \/>\ud83d\udd39 Eine solide Grundlage f\u00fcr jahrelanges unbeschwertes Schwimmen<br \/>\ud83d\udd39 Lernen mit Fokus auf die\u00a0<strong>Sicherheit, Autonomie und Vertrauen<\/strong><\/p>\n<h3 style=\"text-align: center;\"><span style=\"color: #282828;\">\ud83d\udc65 Die Trainerinnen und Trainer<\/span><\/h3>\n<p style=\"text-align: center;\">Das Praktikum wird von denselben Fachleuten betreut wie die Erwachsenenpraktika :<\/p>\n<ul>\n<li style=\"text-align: center;\"><strong>Vincent Argillier<\/strong>, Gr\u00fcnder von NAGE LIBRE FRANCE, ehemaliger Nationaltrainer f\u00fcr Schwimmen und Triathlon, Experte f\u00fcr individualisierte P\u00e4dagogik.<\/li>\n<li style=\"text-align: center;\"><strong>Julien Soulagnat<\/strong>, aktiver Trainer im Club von Chamali\u00e8res, leidenschaftlich und erfahren im Umgang mit jungen Schwimmern.<\/li>\n<\/ul>","protected":false},"excerpt":{"rendered":"","protected":false},"author":1,"featured_media":0,"parent":0,"menu_order":0,"comment_status":"closed","ping_status":"closed","template":"","meta":{"footnotes":""},"class_list":["post-7576","page","type-page","status-publish","hentry"],"jetpack_sharing_enabled":true,"_links":{"self":[{"href":"https:\/\/nagelibrestage.fr\/de\/wp-json\/wp\/v2\/pages\/7576","targetHints":{"allow":["GET"]}}],"collection":[{"href":"https:\/\/nagelibrestage.fr\/de\/wp-json\/wp\/v2\/pages"}],"about":[{"href":"https:\/\/nagelibrestage.fr\/de\/wp-json\/wp\/v2\/types\/page"}],"author":[{"embeddable":true,"href":"https:\/\/nagelibrestage.fr\/de\/wp-json\/wp\/v2\/users\/1"}],"replies":[{"embeddable":true,"href":"https:\/\/nagelibrestage.fr\/de\/wp-json\/wp\/v2\/comments?post=7576"}],"version-history":[{"count":29,"href":"https:\/\/nagelibrestage.fr\/de\/wp-json\/wp\/v2\/pages\/7576\/revisions"}],"predecessor-version":[{"id":7631,"href":"https:\/\/nagelibrestage.fr\/de\/wp-json\/wp\/v2\/pages\/7576\/revisions\/7631"}],"wp:attachment":[{"href":"https:\/\/nagelibrestage.fr\/de\/wp-json\/wp\/v2\/media?parent=7576"}],"curies":[{"name":"wp","href":"https:\/\/api.w.org\/{rel}","templated":true}]}}