{"id":7204,"date":"2023-12-03T23:06:13","date_gmt":"2023-12-03T22:06:13","guid":{"rendered":"https:\/\/nagelibrestage.fr\/?page_id=7204"},"modified":"2023-12-03T23:14:33","modified_gmt":"2023-12-03T22:14:33","slug":"votre-stage-sur-mesure","status":"publish","type":"page","link":"https:\/\/nagelibrestage.fr\/de\/votre-stage-sur-mesure\/","title":{"rendered":"Votre stage sur mesure"},"content":{"rendered":"<div class=\"slider-wrapper relative\" id=\"slider-480777150\" >\n    <div class=\"slider slider-nav-circle slider-nav-large slider-nav-light slider-style-normal\"\n        data-flickity-options='{            \"cellAlign\": \"center\",            \"imagesLoaded\": true,            \"lazyLoad\": 1,            \"freeScroll\": false,            \"wrapAround\": true,            \"autoPlay\": 6000,            \"pauseAutoPlayOnHover\" : true,            \"prevNextButtons\": true,            \"contain\" : true,            \"adaptiveHeight\" : true,            \"dragThreshold\" : 10,            \"percentPosition\": true,            \"pageDots\": true,            \"rightToLeft\": false,            \"draggable\": true,            \"selectedAttraction\": 0.1,            \"parallax\" : 0,            \"friction\": 0.6        }'\n        >\n        \n\n\n  <div class=\"banner has-hover\" id=\"banner-1429824698\">\n          <div class=\"banner-inner fill\">\n        <div class=\"banner-bg fill\" >\n            <div class=\"bg fill bg-fill\"><\/div>\n                        <div class=\"overlay\"><\/div>            \n                    <\/div>\n        <div class=\"banner-layers container\">\n            <div class=\"fill banner-link\"><\/div>            \n\n   <div id=\"text-box-2039459111\" class=\"text-box banner-layer x50 md-x50 lg-x50 y75 md-y75 lg-y75 res-text\">\n                                <div class=\"text-box-content text dark\">\n              \n              <div class=\"text-inner text-center\">\n                  \n\n<h3 class=\"uppercase\" style=\"text-align: center;\"><strong>DEIN MASSGESCHNEIDERTES PRAKTIKUM<\/strong><\/h3>\n<p style=\"text-align: left;\"><strong>Sind Sie ein Unternehmen, ein Club oder eine Gruppe von Freunden? <br \/>Wir stellen Ihnen Ihr Traumpraktikum auf der ganzen Welt mit unserem Partner \u00abDestination Adventure\u00bb zusammen.<\/strong><strong> (ab 15 Personen) und die sportliche Betreuung mit echten Profis.<\/strong><\/p>\n\n              <\/div>\n           <\/div>\n                            \n<style>\n#text-box-2039459111 {\n  width: 60%;\n}\n#text-box-2039459111 .text-box-content {\n  font-size: 100%;\n}\n<\/style>\n    <\/div>\n \n\n        <\/div>\n      <\/div>\n\n            \n<style>\n#banner-1429824698 {\n  padding-top: 47%;\n}\n#banner-1429824698 .bg.bg-loaded {\n  background-image: url(https:\/\/nagelibrestage.fr\/wp-content\/uploads\/2022\/01\/112010_v5-1024x683.jpeg);\n}\n#banner-1429824698 .overlay {\n  background-color: rgba(87, 78, 78, 0.593);\n}\n<\/style>\n  <\/div>\n\n\n\n     <\/div>\n\n     <div class=\"loading-spin dark large centered\"><\/div>\n\n     \t<\/div>\n\n\n\t<div id=\"gap-1180785458\" class=\"gap-element clearfix\" style=\"display:block; height:auto;\">\n\t\t\n<style>\n#gap-1180785458 {\n  padding-top: 31px;\n}\n<\/style>\n\t<\/div>\n\t\n\n\t<section class=\"section home-hero\" id=\"section_482674464\">\n\t\t<div class=\"bg section-bg fill bg-fill  bg-loaded\" >\n\n\t\t\t\n\t\t\t\n\t\t\t\n\n\t\t<\/div>\n\n\t\t<div class=\"section-content relative\">\n\t\t\t\n\n<div class=\"row row-collapse align-middle\"  id=\"row-1691025504\">\n\n\n\t<div id=\"col-1295027893\" class=\"col medium-4 small-12 large-6\"  >\n\t\t<div class=\"col-inner\"  >\n\t\t\t\n\t\t\t\n\n\n  <div class=\"banner has-hover has-parallax\" id=\"banner-1277456234\">\n          <div class=\"banner-inner fill\">\n        <div class=\"banner-bg fill\" data-parallax=\"-4\" data-parallax-container=\".banner\" data-parallax-background>\n            <div class=\"bg fill bg-fill\"><\/div>\n                                    \n                    <\/div>\n        <div class=\"banner-layers container\">\n            <div class=\"fill banner-link\"><\/div>            \n\n   <div id=\"text-box-1016725248\" class=\"text-box banner-layer x50 md-x50 lg-x50 y50 md-y50 lg-y50 res-text\">\n                                <div class=\"text-box-content text dark\">\n              \n              <div class=\"text-inner text-center\">\n                  \n\n\n              <\/div>\n           <\/div>\n                            \n<style>\n#text-box-1016725248 {\n  width: 60%;\n}\n#text-box-1016725248 .text-box-content {\n  font-size: 100%;\n}\n@media (min-width:550px) {\n  #text-box-1016725248 {\n    width: 60%;\n  }\n}\n<\/style>\n    <\/div>\n \n\n        <\/div>\n      <\/div>\n\n            \n<style>\n#banner-1277456234 {\n  padding-top: 300px;\n}\n#banner-1277456234 .bg.bg-loaded {\n  background-image: url(https:\/\/nagelibrestage.fr\/wp-content\/uploads\/2021\/09\/Copie-de-_DSC0228-scaled.jpg);\n}\n@media (min-width:550px) {\n  #banner-1277456234 {\n    padding-top: 420px;\n  }\n}\n<\/style>\n  <\/div>\n\n\n\n\t\t<\/div>\n\t\t\t<\/div>\n\n\t\n\n\t<div id=\"col-940808693\" class=\"col medium-8 small-12 large-6\"  >\n\t\t<div class=\"col-inner\"  >\n\t\t\t\n\t\t\t\n\n<div class=\"row align-center\"  id=\"row-1630837572\">\n\n\n\t<div id=\"col-2095851392\" class=\"col medium-9 small-10 large-8\"  >\n\t\t<div class=\"col-inner\"  >\n\t\t\t\n\t\t\t\n\n\t<div id=\"text-3823224076\" class=\"text\">\n\t\t\n\n<h2 style=\"font-size: 200%; text-align: center;\"><span style=\"color: #282828;\">DEIN STAGE<\/span><\/h2>\n\t\t\n<style>\n#text-3823224076 {\n  text-align: right;\n}\n<\/style>\n\t<\/div>\n\t\n<div class=\"is-divider divider clearfix\" style=\"margin-top:20px;margin-bottom:20px;max-width:100%;height:2px;background-color:rgb(224, 220, 178);\"><\/div>\n\n\n\t\t<div class=\"icon-box featured-box icon-box-left text-left is-small\"  style=\"margin:0px 0px 30px 0px;\">\n\t\t\t\t\t<div class=\"icon-box-img\" style=\"width: 40px\">\n\t\t\t\t<div class=\"icon\">\n\t\t\t\t\t<div class=\"icon-inner\" >\n\t\t\t\t\t\t\t\t\t\t\t<\/div>\n\t\t\t\t<\/div>\n\t\t\t<\/div>\n\t\t\t\t<div class=\"icon-box-text last-reset\">\n\t\t\t\t\t\t\t\t\t\n\n\t<div id=\"text-3476894023\" class=\"text\">\n\t\t\n\n<h3>W\u00c4HLEN SIE IHREN ORT :<\/h3>\n<p>Wir bieten Ihnen die Welt an, denn keine Herausforderung ist gro\u00df genug f\u00fcr uns!<\/p>\n\t\t\n<style>\n#text-3476894023 {\n  text-align: left;\n}\n<\/style>\n\t<\/div>\n\t\n\n\t\t<\/div>\n\t<\/div>\n\t\n\t\n\n\t\t<div class=\"icon-box featured-box icon-box-left text-left is-small\"  style=\"margin:0px 0px 30px 0px;\">\n\t\t\t\t\t<div class=\"icon-box-img\" style=\"width: 40px\">\n\t\t\t\t<div class=\"icon\">\n\t\t\t\t\t<div class=\"icon-inner\" >\n\t\t\t\t\t\t\t\t\t\t\t<\/div>\n\t\t\t\t<\/div>\n\t\t\t<\/div>\n\t\t\t\t<div class=\"icon-box-text last-reset\">\n\t\t\t\t\t\t\t\t\t\n\n\t<div id=\"text-3305264521\" class=\"text\">\n\t\t\n\n<h3>W\u00c4HLEN SIE IHRE DATEN :<\/h3>\n<p>Abh\u00e4ngig von unserer Verf\u00fcgbarkeit und den Optionen vor Ort. Trotzdem m\u00fcssen wir mindestens 10 Monate vor Ihrem gew\u00fcnschten Abreisedatum planen.<\/p>\n\t\t\n<style>\n#text-3305264521 {\n  text-align: left;\n}\n<\/style>\n\t<\/div>\n\t\n\n\t\t<\/div>\n\t<\/div>\n\t\n\t\n\n\t\t<div class=\"icon-box featured-box icon-box-left text-left is-small\"  style=\"margin:0px 0px 30px 0px;\">\n\t\t\t\t\t<div class=\"icon-box-img\" style=\"width: 40px\">\n\t\t\t\t<div class=\"icon\">\n\t\t\t\t\t<div class=\"icon-inner\" >\n\t\t\t\t\t\t\t\t\t\t\t<\/div>\n\t\t\t\t<\/div>\n\t\t\t<\/div>\n\t\t\t\t<div class=\"icon-box-text last-reset\">\n\t\t\t\t\t\t\t\t\t\n\n\t<div id=\"text-3323311720\" class=\"text\">\n\t\t\n\n<h3>MONTIEREN SIE IHRE OPTIONEN :<\/h3>\n<p>Wir bieten Ihnen die M\u00f6glichkeit, die Art der Unterkunft, die Verpflegung, Ihr Trainerteam und alle m\u00f6glichen Optionen zur Gestaltung Ihres Kurses auszuw\u00e4hlen.<br \/>Sport- oder Abenteuerpraktikum, Urlaub oder Herausforderung, fordern Sie uns heraus!<\/p>\n\t\t\n<style>\n#text-3323311720 {\n  text-align: left;\n}\n<\/style>\n\t<\/div>\n\t\n\n\t\t<\/div>\n\t<\/div>\n\t\n\t\n<a rel=\"noopener noreferrer\" href=\"http:\/\/contact@nagelibre.fr\" target=\"_blank\" class=\"button success is-small box-shadow-3 expand\"  style=\"border-radius:71px;\">\n  <i class=\"icon-envelop\" ><\/i>  <span>Schreiben Sie uns!<\/span>\n  <\/a>\n\n\n\n\t\t<\/div>\n\t\t\n<style>\n#col-2095851392 > .col-inner {\n  padding: 25px 0px 0px 0px;\n}\n<\/style>\n\t<\/div>\n\n\t\n\n\n<style>\n#row-1630837572 > .col > .col-inner {\n  padding: 40px 0px 20px 0px;\n}\n@media (min-width:550px) {\n  #row-1630837572 > .col > .col-inner {\n    padding: 0px 0px 0px 0px;\n  }\n}\n<\/style>\n<\/div>\n\n\t\t<\/div>\n\t\t\t<\/div>\n\n\t\n\n<\/div>\n\n\t\t<\/div>\n\n\t\t\n<style>\n#section_482674464 {\n  padding-top: 0px;\n  padding-bottom: 0px;\n}\n<\/style>\n\t<\/section>\n\t\n\t<div id=\"gap-191624356\" class=\"gap-element clearfix\" style=\"display:block; height:auto;\">\n\t\t\n<style>\n#gap-191624356 {\n  padding-top: 31px;\n}\n<\/style>\n\t<\/div>\n\t\n\n<div id='gallery-1' class='gallery galleryid-7204 gallery-columns-4 gallery-size-full'><figure class='gallery-item'>\n\t\t\t<div class='gallery-icon landscape'>\n\t\t\t\t<a href='https:\/\/nagelibrestage.fr\/de\/abritellogo_blue-png\/'><img loading=\"lazy\" decoding=\"async\" width=\"1221\" height=\"312\" src=\"https:\/\/nagelibrestage.fr\/wp-content\/uploads\/2023\/12\/Abritel20Logo_Blue.png.webp\" class=\"attachment-full size-full\" alt=\"\" srcset=\"https:\/\/nagelibrestage.fr\/wp-content\/uploads\/2023\/12\/Abritel20Logo_Blue.png.webp 1221w, https:\/\/nagelibrestage.fr\/wp-content\/uploads\/2023\/12\/Abritel20Logo_Blue.png-300x77.webp 300w, https:\/\/nagelibrestage.fr\/wp-content\/uploads\/2023\/12\/Abritel20Logo_Blue.png-1024x262.webp 1024w, https:\/\/nagelibrestage.fr\/wp-content\/uploads\/2023\/12\/Abritel20Logo_Blue.png-768x196.webp 768w, https:\/\/nagelibrestage.fr\/wp-content\/uploads\/2023\/12\/Abritel20Logo_Blue.png-510x130.webp 510w\" sizes=\"auto, (max-width: 1221px) 100vw, 1221px\" \/><\/a>\n\t\t\t<\/div><\/figure><figure class='gallery-item'>\n\t\t\t<div class='gallery-icon landscape'>\n\t\t\t\t<a href='https:\/\/nagelibrestage.fr\/de\/logo-vvf-orange-300x85\/'><img loading=\"lazy\" decoding=\"async\" width=\"300\" height=\"85\" src=\"https:\/\/nagelibrestage.fr\/wp-content\/uploads\/2023\/12\/logo-vvf-orange-300x85-1.png\" class=\"attachment-full size-full\" alt=\"\" \/><\/a>\n\t\t\t<\/div><\/figure><figure class='gallery-item'>\n\t\t\t<div class='gallery-icon landscape'>\n\t\t\t\t<a href='https:\/\/nagelibrestage.fr\/de\/logo-touristra-500\/'><img loading=\"lazy\" decoding=\"async\" width=\"500\" height=\"133\" src=\"https:\/\/nagelibrestage.fr\/wp-content\/uploads\/2023\/12\/logo-touristra-500.jpg\" class=\"attachment-full size-full\" alt=\"\" srcset=\"https:\/\/nagelibrestage.fr\/wp-content\/uploads\/2023\/12\/logo-touristra-500.jpg 500w, https:\/\/nagelibrestage.fr\/wp-content\/uploads\/2023\/12\/logo-touristra-500-300x80.jpg 300w\" sizes=\"auto, (max-width: 500px) 100vw, 500px\" \/><\/a>\n\t\t\t<\/div><\/figure><figure class='gallery-item'>\n\t\t\t<div class='gallery-icon landscape'>\n\t\t\t\t<a href='https:\/\/nagelibrestage.fr\/de\/logo-destination-aventure\/'><img loading=\"lazy\" decoding=\"async\" width=\"1698\" height=\"662\" src=\"https:\/\/nagelibrestage.fr\/wp-content\/uploads\/2023\/12\/Logo-Destination-aventure.png\" class=\"attachment-full size-full\" alt=\"\" srcset=\"https:\/\/nagelibrestage.fr\/wp-content\/uploads\/2023\/12\/Logo-Destination-aventure.png 1698w, https:\/\/nagelibrestage.fr\/wp-content\/uploads\/2023\/12\/Logo-Destination-aventure-300x117.png 300w, https:\/\/nagelibrestage.fr\/wp-content\/uploads\/2023\/12\/Logo-Destination-aventure-1024x399.png 1024w, https:\/\/nagelibrestage.fr\/wp-content\/uploads\/2023\/12\/Logo-Destination-aventure-768x299.png 768w, https:\/\/nagelibrestage.fr\/wp-content\/uploads\/2023\/12\/Logo-Destination-aventure-1536x599.png 1536w, https:\/\/nagelibrestage.fr\/wp-content\/uploads\/2023\/12\/Logo-Destination-aventure-510x199.png 510w\" sizes=\"auto, (max-width: 1698px) 100vw, 1698px\" \/><\/a>\n\t\t\t<\/div><\/figure>\n\t\t<\/div>\n\n\n\t<div id=\"gap-1245393120\" class=\"gap-element clearfix\" style=\"display:block; height:auto;\">\n\t\t\n<style>\n#gap-1245393120 {\n  padding-top: 31px;\n}\n<\/style>\n\t<\/div>\n\t\n\n<div class=\"container section-title-container\" ><h4 class=\"section-title section-title-center\"><b><\/b><span class=\"section-title-main\" style=\"font-size:106%;\">UNSERE PRAKTIKA SIND VOR ALLEM IHRE PRAKTIKA:<\/span><b><\/b><\/h4><\/div>\n\n<div class=\"video video-fit mb box-shadow-3\" style=\"padding-top:50%;\"><iframe loading=\"lazy\" title=\"Stages Nage Libre: eine sportliche und gesellige Erfahrung rund um das Schwimmen in nat\u00fcrlicher Umgebung\" width=\"1020\" height=\"574\" src=\"https:\/\/www.youtube.com\/embed\/jtmGdHtBoBE?feature=oembed\" frameborder=\"0\" allow=\"accelerometer; autoplay; clipboard-write; encrypted-media; gyroscope; picture-in-picture; web-share\" allowfullscreen><\/iframe><\/div>\n\n\t<div id=\"gap-1275815114\" class=\"gap-element clearfix\" style=\"display:block; height:auto;\">\n\t\t\n<style>\n#gap-1275815114 {\n  padding-top: 30px;\n}\n<\/style>\n\t<\/div>\n\t\n\n<div class=\"social-icons follow-icons full-width text-center\" style=\"font-size:161%\"><a href=\"https:\/\/www.facebook.com\/swimwithnagelibre?locale=fr_FR\" target=\"_blank\" data-label=\"Facebook\"  rel=\"noopener noreferrer nofollow\" class=\"icon primary button circle facebook tooltip\" title=\"Folge uns auf Facebook\"><i class=\"icon-facebook\" ><\/i><\/a><a href=\"https:\/\/www.instagram.com\/nage_libre_stage\/\" target=\"_blank\" rel=\"noopener noreferrer nofollow\" data-label=\"Instagram\" class=\"icon primary button circle  instagram tooltip\" title=\"Folge uns auf Instagram\"><i class=\"icon-instagram\" ><\/i><\/a><a href=\"mailto:stage@nagelibre.fr\" data-label=\"E-mail\"  rel=\"nofollow\" class=\"icon primary button circle  email tooltip\" title=\"Sende uns eine email\"><i class=\"icon-envelop\" ><\/i><\/a><a href=\"tel:0674353595\" target=\"_blank\"  data-label=\"Phone\"  rel=\"noopener noreferrer nofollow\" class=\"icon primary button circle  phone tooltip\" title=\"Call us\"><i class=\"icon-phone\" ><\/i><\/a><a href=\"https:\/\/www.linkedin.com\/in\/vincent-argillier-971b7274\/\" target=\"_blank\" rel=\"noopener noreferrer nofollow\" data-label=\"LinkedIn\" class=\"icon primary button circle  linkedin tooltip\" title=\"Follow on LinkedIn\"><i class=\"icon-linkedin\" ><\/i><\/a><a href=\"https:\/\/www.youtube.com\/channel\/UC3Zm7UJ2ATF4xsGYBIfFXBA\" target=\"_blank\" rel=\"noopener noreferrer nofollow\" data-label=\"YouTube\" class=\"icon primary button circle  youtube tooltip\" title=\"Folge uns auf Youtube\"><i class=\"icon-youtube\" ><\/i><\/a><\/div>\n\n\t<div id=\"gap-765682139\" class=\"gap-element clearfix\" style=\"display:block; height:auto;\">\n\t\t\n<style>\n#gap-765682139 {\n  padding-top: 74px;\n}\n<\/style>\n\t<\/div>","protected":false},"excerpt":{"rendered":"","protected":false},"author":4,"featured_media":0,"parent":0,"menu_order":0,"comment_status":"closed","ping_status":"closed","template":"","meta":{"footnotes":""},"class_list":["post-7204","page","type-page","status-publish","hentry"],"jetpack_sharing_enabled":true,"_links":{"self":[{"href":"https:\/\/nagelibrestage.fr\/de\/wp-json\/wp\/v2\/pages\/7204","targetHints":{"allow":["GET"]}}],"collection":[{"href":"https:\/\/nagelibrestage.fr\/de\/wp-json\/wp\/v2\/pages"}],"about":[{"href":"https:\/\/nagelibrestage.fr\/de\/wp-json\/wp\/v2\/types\/page"}],"author":[{"embeddable":true,"href":"https:\/\/nagelibrestage.fr\/de\/wp-json\/wp\/v2\/users\/4"}],"replies":[{"embeddable":true,"href":"https:\/\/nagelibrestage.fr\/de\/wp-json\/wp\/v2\/comments?post=7204"}],"version-history":[{"count":7,"href":"https:\/\/nagelibrestage.fr\/de\/wp-json\/wp\/v2\/pages\/7204\/revisions"}],"predecessor-version":[{"id":7221,"href":"https:\/\/nagelibrestage.fr\/de\/wp-json\/wp\/v2\/pages\/7204\/revisions\/7221"}],"wp:attachment":[{"href":"https:\/\/nagelibrestage.fr\/de\/wp-json\/wp\/v2\/media?parent=7204"}],"curies":[{"name":"wp","href":"https:\/\/api.w.org\/{rel}","templated":true}]}}