{"id":719,"date":"2021-06-21T16:45:12","date_gmt":"2021-06-21T14:45:12","guid":{"rendered":"http:\/\/woocommerce.snl-france.com\/?page_id=719"},"modified":"2022-02-03T10:49:17","modified_gmt":"2022-02-03T09:49:17","slug":"faq","status":"publish","type":"page","link":"https:\/\/nagelibrestage.fr\/de\/faq\/","title":{"rendered":"FAQ"},"content":{"rendered":"<p><a href=\"http:\/\/woocommerce.snl-france.com\/\"><br \/><img loading=\"lazy\" decoding=\"async\" src=\"http:\/\/woocommerce.snl-france.com\/wp-content\/uploads\/2021\/06\/NOIR.001-1024x1024.png\" sizes=\"auto, (max-width: 1024px) 100vw, 1024px\" srcset=\"http:\/\/woocommerce.snl-france.com\/wp-content\/uploads\/2021\/06\/NOIR.001-1024x1024.png 1024w, http:\/\/woocommerce.snl-france.com\/wp-content\/uploads\/2021\/06\/NOIR.001-300x300.png 300w, http:\/\/woocommerce.snl-france.com\/wp-content\/uploads\/2021\/06\/NOIR.001-150x150.png 150w, http:\/\/woocommerce.snl-france.com\/wp-content\/uploads\/2021\/06\/NOIR.001-768x768.png 768w, http:\/\/woocommerce.snl-france.com\/wp-content\/uploads\/2021\/06\/NOIR.001.png 1080w, http:\/\/woocommerce.snl-france.com\/wp-content\/uploads\/2021\/06\/NOIR.001-510x510.png 510w, http:\/\/woocommerce.snl-france.com\/wp-content\/uploads\/2021\/06\/NOIR.001-100x100.png 100w\" alt=\"\" width=\"1024\" height=\"1024\" \/><\/a><br \/><a href=\"http:\/\/woocommerce.snl-france.com\/mon-compte\/\"><br \/><\/a><br \/><img loading=\"lazy\" decoding=\"async\" src=\"http:\/\/woocommerce.snl-france.com\/wp-content\/uploads\/2021\/06\/NOIR.001-1024x1024.png\" sizes=\"auto, (max-width: 1024px) 100vw, 1024px\" srcset=\"http:\/\/woocommerce.snl-france.com\/wp-content\/uploads\/2021\/06\/NOIR.001-1024x1024.png 1024w, http:\/\/woocommerce.snl-france.com\/wp-content\/uploads\/2021\/06\/NOIR.001-300x300.png 300w, http:\/\/woocommerce.snl-france.com\/wp-content\/uploads\/2021\/06\/NOIR.001-150x150.png 150w, http:\/\/woocommerce.snl-france.com\/wp-content\/uploads\/2021\/06\/NOIR.001-768x768.png 768w, http:\/\/woocommerce.snl-france.com\/wp-content\/uploads\/2021\/06\/NOIR.001.png 1080w, http:\/\/woocommerce.snl-france.com\/wp-content\/uploads\/2021\/06\/NOIR.001-510x510.png 510w, http:\/\/woocommerce.snl-france.com\/wp-content\/uploads\/2021\/06\/NOIR.001-100x100.png 100w\" alt=\"\" width=\"1024\" height=\"1024\" \/><br \/><span style=\"font-family: arial, helvetica, sans-serif;\"><a>Quels sont les co\u00fbts de transport habituels ?<\/a><\/span><\/p>\n<p><span style=\"font-family: arial, helvetica, sans-serif;\">Nous utilisons beaucoup de transporteurs mais nous essayons de trouver toujours le transporteur le moins cher qui correspond \u00e0 vos souhaits.<\/span><br \/><span style=\"font-family: arial, helvetica, sans-serif;\">Vous choisirez, avant de valider votre panier, votre mode d\u2019acheminement vers le lieu le plus proche et le plus pratique pour vous.\u00a0<\/span><\/p>\n<p><span style=\"font-family: arial, helvetica, sans-serif;\"><a>Quelles sont les m\u00e9thodes de paiement disponibles ?<\/a><\/span><\/p>\n<p><span style=\"font-family: arial, helvetica, sans-serif;\">Nous n\u2019acceptons que les paiements par cartes sur le site de commande \u00e0 distance. N\u00e9anmoins, et dans certains cas, nous pouvons prendre des commandes par virements pour des destinations lointaines demandant un traitement de l\u2019envoi sp\u00e9cifique (par avion et avec douane).<\/span><\/p>\n<p><span style=\"font-family: arial, helvetica, sans-serif;\"><a>Combien de temps durera l&rsquo;envoi ?<\/a><\/span><\/p>\n<p><span style=\"font-family: arial, helvetica, sans-serif;\">D\u2019une fa\u00e7on g\u00e9n\u00e9rale et en France m\u00e9tropolitaine, si la commande est pass\u00e9e et valid\u00e9e avant 13h, nous sommes en mesure de livrer sous 3 jours ouvr\u00e9s maximum.<\/span><\/p>\n<p><span style=\"font-family: arial, helvetica, sans-serif;\"><a>Quelle garantie de protection de paiement avez vous ?<\/a><\/span><\/p>\n<p><span style=\"font-family: arial, helvetica, sans-serif;\">Nous travaillons en direct avec les services bancaires les plus s\u00e9rieux d\u2019Europe et avec un niveau de garantie qui assure \u00e0 toutes les transactions un maximum de s\u00e9curit\u00e9.<\/span><\/p>\n<p><span style=\"font-family: arial, helvetica, sans-serif;\"><a>Que se passe-t-il une fois que ma commande est pass\u00e9e ?<\/a><\/span><\/p>\n<p><span style=\"font-family: arial, helvetica, sans-serif;\">Nous traitons votre commande informatiquement en nous assurant que les donn\u00e9es fournies sont justes puis nous la transmettons \u00e0 notre service logistique qui s\u2019occupe de la traiter physiquement.<\/span><br \/><span style=\"font-family: arial, helvetica, sans-serif;\">Une fois valid\u00e9e par nos services, elle sera exp\u00e9di\u00e9e par nos services de livraison tous les jours (ouvr\u00e9s) avant 13h.<\/span><br \/><span style=\"font-family: arial, helvetica, sans-serif;\">Vous serez alors tenu au courant par tracking du positionnement de votre colis.<\/span><\/p>\n<p><span style=\"font-family: arial, helvetica, sans-serif;\"><a>Vais-je recevoir une facture de ma commande apr\u00e8s validation ?<\/a><\/span><\/p>\n<p><span style=\"font-family: arial, helvetica, sans-serif;\">Le serveur NageLibre.fr met en oeuvre une facturation imm\u00e9diate d\u00e8s la saisie valid\u00e9e. Cette facture vous est envoy\u00e9e sur votre email.<\/span><br \/><span style=\"font-family: arial, helvetica, sans-serif;\">Une trace de cette facture est gard\u00e9e sur le site durant une ann\u00e9e.<\/span><\/p>\n<h2><span style=\"font-family: arial, helvetica, sans-serif;\">Kontakt<\/span><\/h2>\n<h2><span style=\"font-family: arial, helvetica, sans-serif;\">NAGE LIBRE SARL<\/span><br \/><span style=\"font-family: arial, helvetica, sans-serif;\">63140 Ch\u00e2tel-Guyon<\/span><br \/><span style=\"font-family: arial, helvetica, sans-serif;\">Auvergne-Rh\u00f4ne-Alpes<\/span><br \/><span style=\"font-family: arial, helvetica, sans-serif;\">Email : contact@nagelibre.fr<\/span><br \/><span style=\"font-family: arial, helvetica, sans-serif;\">T\u00e9l: 06 74 35 35 95<\/span><\/h2>\n<h2><span style=\"font-family: arial, helvetica, sans-serif;\">Services<\/span><\/h2>\n<ul>\n<li><span style=\"font-family: arial, helvetica, sans-serif;\"><a href=\"http:\/\/woocommerce.snl-france.com\/faq\/\">FAQ<br \/><\/a><\/span><\/li>\n<li><span style=\"font-family: arial, helvetica, sans-serif;\"><a href=\"http:\/\/woocommerce.snl-france.com\/qualite-garanties\/\">Qualit\u00e9 &amp; garanties<br \/><\/a><\/span><\/li>\n<li><span style=\"font-family: arial, helvetica, sans-serif;\"><a href=\"http:\/\/woocommerce.snl-france.com\/le-service-de-livraison\/\">Livraison &amp; retour<br \/><\/a><\/span><\/li>\n<li><span style=\"font-family: arial, helvetica, sans-serif;\"><a href=\"http:\/\/woocommerce.snl-france.com\/conditions-generales-de-vente-aux-particuliers\/\">Allgemeine Gesch\u00e4ftsbedingungen f\u00fcr Privatpersonen<br \/><\/a><\/span><\/li>\n<li><span style=\"font-family: arial, helvetica, sans-serif;\"><a href=\"http:\/\/woocommerce.snl-france.com\/mentions-legales\/\">Mentions l\u00e9gales<br \/><\/a><\/span><\/li>\n<\/ul>\n<h2><span style=\"font-family: arial, helvetica, sans-serif;\">Boutique renseignements<\/span><\/h2>\n<h2><span style=\"font-family: arial, helvetica, sans-serif;\">Adresse du magasin pour retrait<\/span><br \/><br \/><span style=\"font-family: arial, helvetica, sans-serif;\">9 rue du docteur Levadoux<\/span><br \/><br \/><span style=\"font-family: arial, helvetica, sans-serif;\">63140 Chatel Guyon<\/span><br \/><br \/><br \/><br \/><br \/><\/h2>\n<p>@copyright NAGE LIBRE\u00ae<\/p>","protected":false},"excerpt":{"rendered":"","protected":false},"author":1,"featured_media":0,"parent":0,"menu_order":0,"comment_status":"closed","ping_status":"closed","template":"","meta":{"footnotes":""},"class_list":["post-719","page","type-page","status-publish","hentry"],"jetpack_sharing_enabled":true,"_links":{"self":[{"href":"https:\/\/nagelibrestage.fr\/de\/wp-json\/wp\/v2\/pages\/719","targetHints":{"allow":["GET"]}}],"collection":[{"href":"https:\/\/nagelibrestage.fr\/de\/wp-json\/wp\/v2\/pages"}],"about":[{"href":"https:\/\/nagelibrestage.fr\/de\/wp-json\/wp\/v2\/types\/page"}],"author":[{"embeddable":true,"href":"https:\/\/nagelibrestage.fr\/de\/wp-json\/wp\/v2\/users\/1"}],"replies":[{"embeddable":true,"href":"https:\/\/nagelibrestage.fr\/de\/wp-json\/wp\/v2\/comments?post=719"}],"version-history":[{"count":0,"href":"https:\/\/nagelibrestage.fr\/de\/wp-json\/wp\/v2\/pages\/719\/revisions"}],"wp:attachment":[{"href":"https:\/\/nagelibrestage.fr\/de\/wp-json\/wp\/v2\/media?parent=719"}],"curies":[{"name":"wp","href":"https:\/\/api.w.org\/{rel}","templated":true}]}}