{"id":6314,"date":"2022-11-27T11:54:51","date_gmt":"2022-11-27T10:54:51","guid":{"rendered":"https:\/\/woocommerce.snl-france.com\/?post_type=product&#038;p=6314"},"modified":"2023-11-11T08:12:14","modified_gmt":"2023-11-11T07:12:14","slug":"licence-nageur-a-la-ffn","status":"publish","type":"product","link":"http:\/\/nagelibrestage.fr\/it\/prodotto\/licence-nageur-a-la-ffn\/","title":{"rendered":"Licenza di nuotatore FFN"},"content":{"rendered":"<h1><strong><span style=\"vertical-align: inherit;\"><span style=\"vertical-align: inherit;\">Licenza di nadador nella FFN<\/span><\/span><\/strong><\/h1>\n<p>La licenza di nuotatore FFN \u00e8 una licenza ufficiale rilasciata dalla F\u00e9d\u00e9ration Nationale de Natation, che consente ai nuotatori di tutti i livelli di aderire alla federazione. Questa licenza offre molti vantaggi sia ai principianti che ai nuotatori esperti.<\/p>\n<p>Acquistando una licenza di nuoto FFN da NageLibre, potrete beneficiare di un monitoraggio personalizzato del vostro nuoto. La FFN offre programmi di allenamento personalizzati per ogni livello di pratica, aggiornati regolarmente in base ai pi\u00f9 recenti progressi scientifici. Con la licenza di nuotatore FFN, potrete beneficiare di questi programmi e migliorare la vostra tecnica di nuoto per progredire rapidamente.<\/p>\n<p>Inoltre, vi dar\u00e0 accesso alle competizioni organizzate dalla federazione. Che siate principianti o esperti, potrete partecipare a gare adatte al vostro livello di esperienza e misurarvi con altri nuotatori provenienti da tutta la Francia. Queste gare sono un'occasione per misurare i vostri progressi e incontrare altri appassionati di nuoto.<\/p>\n<p>Oltre a questi vantaggi sportivi, potrete anche beneficiare di tariffe preferenziali per alcune squadre di nuoto. La FFN ha stretto partnership con i produttori di attrezzature per offrire sconti esclusivi ai nuotatori affiliati alla federazione.<\/p>\n<p>Infine, la licenza di nuotatore FFN \u00e8 una prova ufficiale del vostro livello di abilit\u00e0 natatoria, riconosciuta da tutti i club e le associazioni affiliate alla FFN. Questa licenza consente di iscriversi a un club di nuoto o di partecipare a eventi organizzati dalla federazione.<\/p>\n<p>In breve, l'acquisto di una licenza di nuoto FFN su NageLibre offre molti vantaggi ai nuotatori di tutti i livelli, come programmi di allenamento su misura, accesso alle competizioni, tariffe preferenziali per l'attrezzatura da nuoto e il riconoscimento ufficiale del vostro livello di nuoto. Non perdete l'occasione di sviluppare il vostro nuoto con il brevetto FFN!<\/p>","protected":false},"excerpt":{"rendered":"<p>Indicare il numero di licenze che si desidera sottoscrivere (1 licenza obbligatoria all'anno)<\/p>","protected":false},"featured_media":7083,"template":"","meta":[],"product_brand":[],"product_cat":[80],"product_tag":[],"class_list":{"0":"post-6314","1":"product","2":"type-product","3":"status-publish","4":"has-post-thumbnail","6":"product_cat-bundle","8":"first","9":"instock","10":"purchasable","11":"product-type-simple"},"composite_virtual":false,"composite_layout":"","composite_add_to_cart_form_location":"","composite_editable_in_cart":false,"composite_sold_individually_context":"","composite_shop_price_calc":"","composite_components":[],"composite_scenarios":[],"bundle_layout":"","bundle_add_to_cart_form_location":"","bundle_editable_in_cart":false,"bundle_sold_individually_context":"","bundle_item_grouping":"","bundle_min_size":"","bundle_max_size":"","bundled_by":["6128","6124","6126","6088","6184","5972","6545","6584","6686","6812","6827","6835","6849","6857","6868","6869","6874","6882","6894","6813","6213","7389","7398","7822"],"bundled_items":[],"exclude_global_add_ons":[],"addons":[],"jetpack_sharing_enabled":true,"_links":{"self":[{"href":"http:\/\/nagelibrestage.fr\/it\/wp-json\/wp\/v2\/product\/6314","targetHints":{"allow":["GET"]}}],"collection":[{"href":"http:\/\/nagelibrestage.fr\/it\/wp-json\/wp\/v2\/product"}],"about":[{"href":"http:\/\/nagelibrestage.fr\/it\/wp-json\/wp\/v2\/types\/product"}],"wp:featuredmedia":[{"embeddable":true,"href":"http:\/\/nagelibrestage.fr\/it\/wp-json\/wp\/v2\/media\/7083"}],"wp:attachment":[{"href":"http:\/\/nagelibrestage.fr\/it\/wp-json\/wp\/v2\/media?parent=6314"}],"wp:term":[{"taxonomy":"product_brand","embeddable":true,"href":"http:\/\/nagelibrestage.fr\/it\/wp-json\/wp\/v2\/product_brand?post=6314"},{"taxonomy":"product_cat","embeddable":true,"href":"http:\/\/nagelibrestage.fr\/it\/wp-json\/wp\/v2\/product_cat?post=6314"},{"taxonomy":"product_tag","embeddable":true,"href":"http:\/\/nagelibrestage.fr\/it\/wp-json\/wp\/v2\/product_tag?post=6314"}],"curies":[{"name":"wp","href":"https:\/\/api.w.org\/{rel}","templated":true}]}}