{"id":6314,"date":"2022-11-27T11:54:51","date_gmt":"2022-11-27T10:54:51","guid":{"rendered":"https:\/\/woocommerce.snl-france.com\/?post_type=product&#038;p=6314"},"modified":"2023-11-11T08:12:14","modified_gmt":"2023-11-11T07:12:14","slug":"licence-nageur-a-la-ffn","status":"publish","type":"product","link":"http:\/\/nagelibrestage.fr\/de\/produkt\/licence-nageur-a-la-ffn\/","title":{"rendered":"Schwimmerlizenz bei der FFN"},"content":{"rendered":"<h1><strong><span style=\"vertical-align: inherit;\"><span style=\"vertical-align: inherit;\">Licencia de nadador en la FFN (Lizenz zum Schwimmen)<\/span><\/span><\/strong><\/h1>\n<p>Die FFN-Schwimmerlizenz ist eine offizielle Lizenz, die von der F\u00e9d\u00e9ration Nationale de Natation ausgestellt wird und Schwimmern aller Niveaus die Mitgliedschaft in diesem Verband erm\u00f6glicht. Diese Lizenz bietet Schwimmern, egal ob Anf\u00e4nger oder Fortgeschrittene, zahlreiche Vorteile.<\/p>\n<p>Wenn Sie die FFN-Schwimmlizenz bei NageLibre erwerben, k\u00f6nnen Sie von einer pers\u00f6nlichen Betreuung Ihrer Schwimm\u00fcbungen profitieren. Der FFN bietet n\u00e4mlich Trainingsprogramme an, die auf jedes Niveau des Schwimmsports zugeschnitten sind und regelm\u00e4\u00dfig an die neuesten wissenschaftlichen Erkenntnisse angepasst werden. Wenn Sie eine FFN-Schwimmerlizenz erwerben, k\u00f6nnen Sie von diesen Programmen profitieren und Ihre Schwimmtechnik verbessern, um schnell Fortschritte zu machen.<\/p>\n<p>Sie erm\u00f6glicht Ihnen auch den Zugang zu den vom Verband organisierten Wettk\u00e4mpfen. Egal, ob Sie Anf\u00e4nger oder Experte sind, Sie k\u00f6nnen an Wettk\u00e4mpfen teilnehmen, die Ihrem Leistungsniveau entsprechen, und sich mit anderen Schwimmern aus ganz Frankreich messen. Diese Wettk\u00e4mpfe bieten Ihnen die Gelegenheit, Ihre Fortschritte zu messen und andere Schwimmbegeisterte zu treffen.<\/p>\n<p>Zus\u00e4tzlich zu diesen sportlichen Vorteilen profitieren Sie von verg\u00fcnstigten Preisen f\u00fcr bestimmte Schwimmteams. Der FFN ist n\u00e4mlich Partnerschaften mit Ausr\u00fcstungsherstellern eingegangen, um den dem Verband angeschlossenen Schwimmern exklusive Rabatte zu gew\u00e4hren.<\/p>\n<p>Schlie\u00dflich ist die FFN-Schwimmerlizenz ein offizieller Nachweis f\u00fcr Ihr Schwimmniveau, der von allen dem FFN angeschlossenen Vereinen und Verb\u00e4nden anerkannt wird. Diese Lizenz kann Sie dazu berechtigen, einem Schwimmverein beizutreten oder an Veranstaltungen des Verbandes teilzunehmen.<\/p>\n<p>Zusammenfassend l\u00e4sst sich sagen, dass der Erwerb der FFN-Schwimmlizenz bei NageLibre Schwimmern aller Niveaus zahlreiche Vorteile bietet, wie z. B. angepasste Trainingsprogramme, Zugang zu Wettk\u00e4mpfen, Vorzugspreise f\u00fcr Schwimmausr\u00fcstung und die offizielle Anerkennung Ihres Schwimmniveaus. Lassen Sie sich diese Gelegenheit nicht entgehen und erweitern Sie Ihren Schwimmsport mit der FFN-Schwimmlizenz!<\/p>","protected":false},"excerpt":{"rendered":"<p>Geben Sie die Anzahl der Lizenzen an, die Sie erwerben m\u00f6chten (1 Pflichtlizenz pro Jahr).<\/p>","protected":false},"featured_media":7083,"template":"","meta":[],"product_brand":[],"product_cat":[80],"product_tag":[],"class_list":{"0":"post-6314","1":"product","2":"type-product","3":"status-publish","4":"has-post-thumbnail","6":"product_cat-bundle","8":"first","9":"instock","10":"purchasable","11":"product-type-simple"},"composite_virtual":false,"composite_layout":"","composite_add_to_cart_form_location":"","composite_editable_in_cart":false,"composite_sold_individually_context":"","composite_shop_price_calc":"","composite_components":[],"composite_scenarios":[],"bundle_layout":"","bundle_add_to_cart_form_location":"","bundle_editable_in_cart":false,"bundle_sold_individually_context":"","bundle_item_grouping":"","bundle_min_size":"","bundle_max_size":"","bundled_by":["6128","6124","6126","6088","6184","5972","6545","6584","6686","6812","6827","6835","6849","6857","6868","6869","6874","6882","6894","6813","6213","7389","7398","7822"],"bundled_items":[],"exclude_global_add_ons":[],"addons":[],"jetpack_sharing_enabled":true,"_links":{"self":[{"href":"http:\/\/nagelibrestage.fr\/de\/wp-json\/wp\/v2\/product\/6314","targetHints":{"allow":["GET"]}}],"collection":[{"href":"http:\/\/nagelibrestage.fr\/de\/wp-json\/wp\/v2\/product"}],"about":[{"href":"http:\/\/nagelibrestage.fr\/de\/wp-json\/wp\/v2\/types\/product"}],"wp:featuredmedia":[{"embeddable":true,"href":"http:\/\/nagelibrestage.fr\/de\/wp-json\/wp\/v2\/media\/7083"}],"wp:attachment":[{"href":"http:\/\/nagelibrestage.fr\/de\/wp-json\/wp\/v2\/media?parent=6314"}],"wp:term":[{"taxonomy":"product_brand","embeddable":true,"href":"http:\/\/nagelibrestage.fr\/de\/wp-json\/wp\/v2\/product_brand?post=6314"},{"taxonomy":"product_cat","embeddable":true,"href":"http:\/\/nagelibrestage.fr\/de\/wp-json\/wp\/v2\/product_cat?post=6314"},{"taxonomy":"product_tag","embeddable":true,"href":"http:\/\/nagelibrestage.fr\/de\/wp-json\/wp\/v2\/product_tag?post=6314"}],"curies":[{"name":"wp","href":"https:\/\/api.w.org\/{rel}","templated":true}]}}